{"id":30234,"date":"2024-06-26T05:51:59","date_gmt":"2024-06-26T05:51:59","guid":{"rendered":"https:\/\/culturecaviar.com\/product\/antiker-kaviarbehaelter-versilbert\/"},"modified":"2025-05-26T07:40:06","modified_gmt":"2025-05-26T07:40:06","slug":"antiker-kaviarbehaelter-versilbert","status":"publish","type":"product","link":"https:\/\/culturecaviar.com\/de\/produkt\/antiker-kaviarbehaelter-versilbert\/","title":{"rendered":"Antiker Kaviarbeh\u00e4lter, Versilbert"},"content":{"rendered":"\t\t<div data-elementor-type=\"wp-post\" data-elementor-id=\"30234\" class=\"elementor elementor-30234 elementor-28561\">\n\t\t\t\t<div class=\"wd-negative-gap elementor-element elementor-element-2a51e47 e-flex e-con-boxed e-con e-parent\" data-id=\"2a51e47\" data-element_type=\"container\">\n\t\t\t\t\t<div class=\"e-con-inner\">\n\t\t\t\t<div class=\"elementor-element elementor-element-81fa99f wd-width-100 elementor-widget elementor-widget-wd_title\" data-id=\"81fa99f\" data-element_type=\"widget\" data-widget_type=\"wd_title.default\">\n\t\t\t\t<div class=\"elementor-widget-container\">\n\t\t\t\t\t\t\t<div class=\"title-wrapper wd-set-mb reset-last-child wd-title-color-default wd-title-style-default wd-title-size-default text-left\">\n\n\t\t\t\n\t\t\t<div class=\"liner-continer\">\n\t\t\t\t<h4 class=\"woodmart-title-container title wd-fontsize-l\">handgefertigter, versilberter Kaviarbeh\u00e4lter in antikem Design<\/h4> \n\t\t\t\t\t\t\t<\/div>\n\n\t\t\t\t\t\t\t<div class=\"title-after_title reset-last-child wd-fontsize-xs\">\n\t\t\t\t\t<p>Dieser detailreiche Kaviarbeh\u00e4lter wird von erfahrenen Kunsthandwerkern handgefertigt. Nur wenige erfahrene Meister beherrschen noch die Kunst, einen solchen Beh\u00e4lter in dieser Qualit\u00e4t herzustellen. Ein besonderer Mechanismus erm\u00f6glicht es, dass der Deckel beim \u00d6ffnen nahtlos unter den Boden des Beh\u00e4lters rotiert.  <\/p>\t\t\t\t<\/div>\n\t\t\t\t\t<\/div>\n\t\t\t\t\t\t<\/div>\n\t\t\t\t<\/div>\n\t\t\t\t<div class=\"elementor-element elementor-element-80f7f90 wd-width-100 elementor-widget elementor-widget-wd_title\" data-id=\"80f7f90\" data-element_type=\"widget\" data-widget_type=\"wd_title.default\">\n\t\t\t\t<div class=\"elementor-widget-container\">\n\t\t\t\t\t\t\t<div class=\"title-wrapper wd-set-mb reset-last-child wd-title-color-default wd-title-style-default wd-title-size-default text-left\">\n\n\t\t\t\n\t\t\t<div class=\"liner-continer\">\n\t\t\t\t<h4 class=\"woodmart-title-container title wd-fontsize-l\">Produktdetails:<\/h4> \n\t\t\t\t\t\t\t<\/div>\n\n\t\t\t\t\t\t\t<div class=\"title-after_title reset-last-child wd-fontsize-xs\">\n\t\t\t\t\t<ul><li>14 cm x 20 cm (H x B)<\/li><\/ul>\t\t\t\t<\/div>\n\t\t\t\t\t<\/div>\n\t\t\t\t\t\t<\/div>\n\t\t\t\t<\/div>\n\t\t\t\t\t<\/div>\n\t\t\t\t<\/div>\n\t\t\t\t<\/div>\n\t\t","protected":false},"excerpt":{"rendered":"<p>Iranischer Kaviarbeh\u00e4lter aus Metall, versilbert<\/p>\n","protected":false},"featured_media":29940,"comment_status":"open","ping_status":"closed","template":"","meta":[],"product_brand":[],"product_cat":[145],"product_tag":[],"class_list":{"0":"post-30234","1":"product","2":"type-product","3":"status-publish","4":"has-post-thumbnail","6":"product_cat-zubehor","8":"first","9":"instock","10":"taxable","11":"shipping-taxable","12":"purchasable","13":"product-type-simple"},"yoast_head":"<!-- This site is optimized with the Yoast SEO plugin v26.6 - https:\/\/yoast.com\/wordpress\/plugins\/seo\/ -->\n<title>Antiker Kaviarbeh\u00e4lter, Versilbert - Culture Caviar<\/title>\n<meta name=\"robots\" content=\"index, follow, max-snippet:-1, max-image-preview:large, max-video-preview:-1\" \/>\n<link rel=\"canonical\" href=\"https:\/\/culturecaviar.com\/de\/produkt\/antiker-kaviarbehaelter-versilbert\/\" \/>\n<meta property=\"og:locale\" content=\"de_DE\" \/>\n<meta property=\"og:type\" content=\"article\" \/>\n<meta property=\"og:title\" content=\"Antiker Kaviarbeh\u00e4lter, Versilbert - Culture Caviar\" \/>\n<meta property=\"og:description\" content=\"Iranischer Kaviarbeh\u00e4lter aus Metall, versilbert\" \/>\n<meta property=\"og:url\" content=\"https:\/\/culturecaviar.com\/de\/produkt\/antiker-kaviarbehaelter-versilbert\/\" \/>\n<meta property=\"og:site_name\" content=\"Culture Caviar\" \/>\n<meta property=\"article:modified_time\" content=\"2025-05-26T07:40:06+00:00\" \/>\n<meta property=\"og:image\" content=\"https:\/\/culturecaviar.com\/wp-content\/uploads\/2024\/06\/kaviarschale-silber-antik-geschlossen-edit.jpg\" \/>\n\t<meta property=\"og:image:width\" content=\"800\" \/>\n\t<meta property=\"og:image:height\" content=\"800\" \/>\n\t<meta property=\"og:image:type\" content=\"image\/jpeg\" \/>\n<meta name=\"twitter:card\" content=\"summary_large_image\" \/>\n<script type=\"application\/ld+json\" class=\"yoast-schema-graph\">{\"@context\":\"https:\/\/schema.org\",\"@graph\":[{\"@type\":\"WebPage\",\"@id\":\"https:\/\/culturecaviar.com\/de\/produkt\/antiker-kaviarbehaelter-versilbert\/\",\"url\":\"https:\/\/culturecaviar.com\/de\/produkt\/antiker-kaviarbehaelter-versilbert\/\",\"name\":\"Antiker Kaviarbeh\u00e4lter, Versilbert - Culture Caviar\",\"isPartOf\":{\"@id\":\"https:\/\/culturecaviar.com\/de\/#website\"},\"primaryImageOfPage\":{\"@id\":\"https:\/\/culturecaviar.com\/de\/produkt\/antiker-kaviarbehaelter-versilbert\/#primaryimage\"},\"image\":{\"@id\":\"https:\/\/culturecaviar.com\/de\/produkt\/antiker-kaviarbehaelter-versilbert\/#primaryimage\"},\"thumbnailUrl\":\"https:\/\/culturecaviar.com\/wp-content\/uploads\/2024\/06\/kaviarschale-silber-antik-geschlossen-edit.jpg\",\"datePublished\":\"2024-06-26T05:51:59+00:00\",\"dateModified\":\"2025-05-26T07:40:06+00:00\",\"breadcrumb\":{\"@id\":\"https:\/\/culturecaviar.com\/de\/produkt\/antiker-kaviarbehaelter-versilbert\/#breadcrumb\"},\"inLanguage\":\"de\",\"potentialAction\":[{\"@type\":\"ReadAction\",\"target\":[\"https:\/\/culturecaviar.com\/de\/produkt\/antiker-kaviarbehaelter-versilbert\/\"]}]},{\"@type\":\"ImageObject\",\"inLanguage\":\"de\",\"@id\":\"https:\/\/culturecaviar.com\/de\/produkt\/antiker-kaviarbehaelter-versilbert\/#primaryimage\",\"url\":\"https:\/\/culturecaviar.com\/wp-content\/uploads\/2024\/06\/kaviarschale-silber-antik-geschlossen-edit.jpg\",\"contentUrl\":\"https:\/\/culturecaviar.com\/wp-content\/uploads\/2024\/06\/kaviarschale-silber-antik-geschlossen-edit.jpg\",\"width\":800,\"height\":800,\"caption\":\"kaviarschale-silber-antik-geschlossen-edit\"},{\"@type\":\"BreadcrumbList\",\"@id\":\"https:\/\/culturecaviar.com\/de\/produkt\/antiker-kaviarbehaelter-versilbert\/#breadcrumb\",\"itemListElement\":[{\"@type\":\"ListItem\",\"position\":1,\"name\":\"Home\",\"item\":\"https:\/\/culturecaviar.com\/de\/\"},{\"@type\":\"ListItem\",\"position\":2,\"name\":\"Gesch\u00e4ft\",\"item\":\"https:\/\/culturecaviar.com\/de\/geschaeft\/\"},{\"@type\":\"ListItem\",\"position\":3,\"name\":\"Antiker Kaviarbeh\u00e4lter, Versilbert\"}]},{\"@type\":\"WebSite\",\"@id\":\"https:\/\/culturecaviar.com\/de\/#website\",\"url\":\"https:\/\/culturecaviar.com\/de\/\",\"name\":\"Culture Caviar\",\"description\":\"Best Caviar Online Shop\",\"publisher\":{\"@id\":\"https:\/\/culturecaviar.com\/de\/#organization\"},\"potentialAction\":[{\"@type\":\"SearchAction\",\"target\":{\"@type\":\"EntryPoint\",\"urlTemplate\":\"https:\/\/culturecaviar.com\/de\/?s={search_term_string}\"},\"query-input\":{\"@type\":\"PropertyValueSpecification\",\"valueRequired\":true,\"valueName\":\"search_term_string\"}}],\"inLanguage\":\"de\"},{\"@type\":\"Organization\",\"@id\":\"https:\/\/culturecaviar.com\/de\/#organization\",\"name\":\"Culture Caviar\",\"url\":\"https:\/\/culturecaviar.com\/de\/\",\"logo\":{\"@type\":\"ImageObject\",\"inLanguage\":\"de\",\"@id\":\"https:\/\/culturecaviar.com\/de\/#\/schema\/logo\/image\/\",\"url\":\"https:\/\/culturecaviar.com\/wp-content\/uploads\/2024\/05\/caviar-culture-logo.jpg\",\"contentUrl\":\"https:\/\/culturecaviar.com\/wp-content\/uploads\/2024\/05\/caviar-culture-logo.jpg\",\"width\":95,\"height\":92,\"caption\":\"Culture Caviar\"},\"image\":{\"@id\":\"https:\/\/culturecaviar.com\/de\/#\/schema\/logo\/image\/\"}}]}<\/script>\n<!-- \/ Yoast SEO plugin. -->","yoast_head_json":{"title":"Antiker Kaviarbeh\u00e4lter, Versilbert - Culture Caviar","robots":{"index":"index","follow":"follow","max-snippet":"max-snippet:-1","max-image-preview":"max-image-preview:large","max-video-preview":"max-video-preview:-1"},"canonical":"https:\/\/culturecaviar.com\/de\/produkt\/antiker-kaviarbehaelter-versilbert\/","og_locale":"de_DE","og_type":"article","og_title":"Antiker Kaviarbeh\u00e4lter, Versilbert - Culture Caviar","og_description":"Iranischer Kaviarbeh\u00e4lter aus Metall, versilbert","og_url":"https:\/\/culturecaviar.com\/de\/produkt\/antiker-kaviarbehaelter-versilbert\/","og_site_name":"Culture Caviar","article_modified_time":"2025-05-26T07:40:06+00:00","og_image":[{"width":800,"height":800,"url":"https:\/\/culturecaviar.com\/wp-content\/uploads\/2024\/06\/kaviarschale-silber-antik-geschlossen-edit.jpg","type":"image\/jpeg"}],"twitter_card":"summary_large_image","schema":{"@context":"https:\/\/schema.org","@graph":[{"@type":"WebPage","@id":"https:\/\/culturecaviar.com\/de\/produkt\/antiker-kaviarbehaelter-versilbert\/","url":"https:\/\/culturecaviar.com\/de\/produkt\/antiker-kaviarbehaelter-versilbert\/","name":"Antiker Kaviarbeh\u00e4lter, Versilbert - Culture Caviar","isPartOf":{"@id":"https:\/\/culturecaviar.com\/de\/#website"},"primaryImageOfPage":{"@id":"https:\/\/culturecaviar.com\/de\/produkt\/antiker-kaviarbehaelter-versilbert\/#primaryimage"},"image":{"@id":"https:\/\/culturecaviar.com\/de\/produkt\/antiker-kaviarbehaelter-versilbert\/#primaryimage"},"thumbnailUrl":"https:\/\/culturecaviar.com\/wp-content\/uploads\/2024\/06\/kaviarschale-silber-antik-geschlossen-edit.jpg","datePublished":"2024-06-26T05:51:59+00:00","dateModified":"2025-05-26T07:40:06+00:00","breadcrumb":{"@id":"https:\/\/culturecaviar.com\/de\/produkt\/antiker-kaviarbehaelter-versilbert\/#breadcrumb"},"inLanguage":"de","potentialAction":[{"@type":"ReadAction","target":["https:\/\/culturecaviar.com\/de\/produkt\/antiker-kaviarbehaelter-versilbert\/"]}]},{"@type":"ImageObject","inLanguage":"de","@id":"https:\/\/culturecaviar.com\/de\/produkt\/antiker-kaviarbehaelter-versilbert\/#primaryimage","url":"https:\/\/culturecaviar.com\/wp-content\/uploads\/2024\/06\/kaviarschale-silber-antik-geschlossen-edit.jpg","contentUrl":"https:\/\/culturecaviar.com\/wp-content\/uploads\/2024\/06\/kaviarschale-silber-antik-geschlossen-edit.jpg","width":800,"height":800,"caption":"kaviarschale-silber-antik-geschlossen-edit"},{"@type":"BreadcrumbList","@id":"https:\/\/culturecaviar.com\/de\/produkt\/antiker-kaviarbehaelter-versilbert\/#breadcrumb","itemListElement":[{"@type":"ListItem","position":1,"name":"Home","item":"https:\/\/culturecaviar.com\/de\/"},{"@type":"ListItem","position":2,"name":"Gesch\u00e4ft","item":"https:\/\/culturecaviar.com\/de\/geschaeft\/"},{"@type":"ListItem","position":3,"name":"Antiker Kaviarbeh\u00e4lter, Versilbert"}]},{"@type":"WebSite","@id":"https:\/\/culturecaviar.com\/de\/#website","url":"https:\/\/culturecaviar.com\/de\/","name":"Culture Caviar","description":"Best Caviar Online Shop","publisher":{"@id":"https:\/\/culturecaviar.com\/de\/#organization"},"potentialAction":[{"@type":"SearchAction","target":{"@type":"EntryPoint","urlTemplate":"https:\/\/culturecaviar.com\/de\/?s={search_term_string}"},"query-input":{"@type":"PropertyValueSpecification","valueRequired":true,"valueName":"search_term_string"}}],"inLanguage":"de"},{"@type":"Organization","@id":"https:\/\/culturecaviar.com\/de\/#organization","name":"Culture Caviar","url":"https:\/\/culturecaviar.com\/de\/","logo":{"@type":"ImageObject","inLanguage":"de","@id":"https:\/\/culturecaviar.com\/de\/#\/schema\/logo\/image\/","url":"https:\/\/culturecaviar.com\/wp-content\/uploads\/2024\/05\/caviar-culture-logo.jpg","contentUrl":"https:\/\/culturecaviar.com\/wp-content\/uploads\/2024\/05\/caviar-culture-logo.jpg","width":95,"height":92,"caption":"Culture Caviar"},"image":{"@id":"https:\/\/culturecaviar.com\/de\/#\/schema\/logo\/image\/"}}]}},"_links":{"self":[{"href":"https:\/\/culturecaviar.com\/de\/wp-json\/wp\/v2\/product\/30234","targetHints":{"allow":["GET"]}}],"collection":[{"href":"https:\/\/culturecaviar.com\/de\/wp-json\/wp\/v2\/product"}],"about":[{"href":"https:\/\/culturecaviar.com\/de\/wp-json\/wp\/v2\/types\/product"}],"replies":[{"embeddable":true,"href":"https:\/\/culturecaviar.com\/de\/wp-json\/wp\/v2\/comments?post=30234"}],"version-history":[{"count":1,"href":"https:\/\/culturecaviar.com\/de\/wp-json\/wp\/v2\/product\/30234\/revisions"}],"predecessor-version":[{"id":30235,"href":"https:\/\/culturecaviar.com\/de\/wp-json\/wp\/v2\/product\/30234\/revisions\/30235"}],"wp:featuredmedia":[{"embeddable":true,"href":"https:\/\/culturecaviar.com\/de\/wp-json\/wp\/v2\/media\/29940"}],"wp:attachment":[{"href":"https:\/\/culturecaviar.com\/de\/wp-json\/wp\/v2\/media?parent=30234"}],"wp:term":[{"taxonomy":"product_brand","embeddable":true,"href":"https:\/\/culturecaviar.com\/de\/wp-json\/wp\/v2\/product_brand?post=30234"},{"taxonomy":"product_cat","embeddable":true,"href":"https:\/\/culturecaviar.com\/de\/wp-json\/wp\/v2\/product_cat?post=30234"},{"taxonomy":"product_tag","embeddable":true,"href":"https:\/\/culturecaviar.com\/de\/wp-json\/wp\/v2\/product_tag?post=30234"}],"curies":[{"name":"wp","href":"https:\/\/api.w.org\/{rel}","templated":true}]}}