{"id":30232,"date":"2024-06-26T05:45:55","date_gmt":"2024-06-26T05:45:55","guid":{"rendered":"https:\/\/culturecaviar.com\/product\/mother-of-pearl-loeffel\/"},"modified":"2025-05-26T07:34:16","modified_gmt":"2025-05-26T07:34:16","slug":"mother-of-pearl-loeffel","status":"publish","type":"product","link":"https:\/\/culturecaviar.com\/de\/produkt\/mother-of-pearl-loeffel\/","title":{"rendered":"Mother of pearl L\u00f6ffel"},"content":{"rendered":"\t\t<div data-elementor-type=\"wp-post\" data-elementor-id=\"30232\" class=\"elementor elementor-30232 elementor-28553\">\n\t\t\t\t<div class=\"wd-negative-gap elementor-element elementor-element-2a51e47 e-flex e-con-boxed e-con e-parent\" data-id=\"2a51e47\" data-element_type=\"container\">\n\t\t\t\t\t<div class=\"e-con-inner\">\n\t\t\t\t<div class=\"elementor-element elementor-element-81fa99f wd-width-100 elementor-widget elementor-widget-wd_title\" data-id=\"81fa99f\" data-element_type=\"widget\" data-widget_type=\"wd_title.default\">\n\t\t\t\t<div class=\"elementor-widget-container\">\n\t\t\t\t\t\t\t<div class=\"title-wrapper wd-set-mb reset-last-child wd-title-color-default wd-title-style-default wd-title-size-default text-left\">\n\n\t\t\t\n\t\t\t<div class=\"liner-continer\">\n\t\t\t\t<h4 class=\"woodmart-title-container title wd-fontsize-l\">Mother of pearl L\u00f6ffel<\/h4> \n\t\t\t\t\t\t\t<\/div>\n\n\t\t\t\t\t\t\t<div class=\"title-after_title reset-last-child wd-fontsize-xs\">\n\t\t\t\t\t<p>Dieser hochwertige Perlmutt-Kaviarl\u00f6ffel ist ideal zum Verkosten von Kaviar, da Perlmutt geschmacksneutral ist.<\/p>\t\t\t\t<\/div>\n\t\t\t\t\t<\/div>\n\t\t\t\t\t\t<\/div>\n\t\t\t\t<\/div>\n\t\t\t\t<div class=\"elementor-element elementor-element-80f7f90 wd-width-100 elementor-widget elementor-widget-wd_title\" data-id=\"80f7f90\" data-element_type=\"widget\" data-widget_type=\"wd_title.default\">\n\t\t\t\t<div class=\"elementor-widget-container\">\n\t\t\t\t\t\t\t<div class=\"title-wrapper wd-set-mb reset-last-child wd-title-color-default wd-title-style-default wd-title-size-default text-left\">\n\n\t\t\t\n\t\t\t<div class=\"liner-continer\">\n\t\t\t\t<h4 class=\"woodmart-title-container title wd-fontsize-l\">Produktdetails:<\/h4> \n\t\t\t\t\t\t\t<\/div>\n\n\t\t\t\t\t\t\t<div class=\"title-after_title reset-last-child wd-fontsize-xs\">\n\t\t\t\t\t<ul><li>L\u00e4nge: ca. 10 cm <\/li><li>Runde Form<\/li><li>Mit dezenter Royal Caviar-Gravur<\/li><\/ul>\t\t\t\t<\/div>\n\t\t\t\t\t<\/div>\n\t\t\t\t\t\t<\/div>\n\t\t\t\t<\/div>\n\t\t\t\t\t<\/div>\n\t\t\t\t<\/div>\n\t\t\t\t<\/div>\n\t\t","protected":false},"excerpt":{"rendered":"<p>Mit dezenter GravurF\u00fcr unverf\u00e4lschten Kaviar-Genuss<br \/>\nL\u00e4nge: ca. 10 cm, runde Form<br \/>\nMit dezenter Gravur <\/p>\n","protected":false},"featured_media":29936,"comment_status":"open","ping_status":"closed","template":"","meta":[],"product_brand":[],"product_cat":[145],"product_tag":[],"class_list":{"0":"post-30232","1":"product","2":"type-product","3":"status-publish","4":"has-post-thumbnail","6":"product_cat-zubehor","8":"first","9":"instock","10":"taxable","11":"shipping-taxable","12":"purchasable","13":"product-type-simple"},"yoast_head":"<!-- This site is optimized with the Yoast SEO plugin v26.6 - https:\/\/yoast.com\/wordpress\/plugins\/seo\/ -->\n<title>Mother of pearl L\u00f6ffel - Culture Caviar<\/title>\n<meta name=\"robots\" content=\"index, follow, max-snippet:-1, max-image-preview:large, max-video-preview:-1\" \/>\n<link rel=\"canonical\" href=\"https:\/\/culturecaviar.com\/de\/produkt\/mother-of-pearl-loeffel\/\" \/>\n<meta property=\"og:locale\" content=\"de_DE\" \/>\n<meta property=\"og:type\" content=\"article\" \/>\n<meta property=\"og:title\" content=\"Mother of pearl L\u00f6ffel - Culture Caviar\" \/>\n<meta property=\"og:description\" content=\"Mit dezenter GravurF\u00fcr unverf\u00e4lschten Kaviar-Genuss L\u00e4nge: ca. 10 cm, runde Form Mit dezenter Gravur\" \/>\n<meta property=\"og:url\" content=\"https:\/\/culturecaviar.com\/de\/produkt\/mother-of-pearl-loeffel\/\" \/>\n<meta property=\"og:site_name\" content=\"Culture Caviar\" \/>\n<meta property=\"article:modified_time\" content=\"2025-05-26T07:34:16+00:00\" \/>\n<meta property=\"og:image\" content=\"https:\/\/culturecaviar.com\/wp-content\/uploads\/2024\/06\/caviar-mother-of-pearl-spoon1.jpg\" \/>\n\t<meta property=\"og:image:width\" content=\"800\" \/>\n\t<meta property=\"og:image:height\" content=\"800\" \/>\n\t<meta property=\"og:image:type\" content=\"image\/jpeg\" \/>\n<meta name=\"twitter:card\" content=\"summary_large_image\" \/>\n<script type=\"application\/ld+json\" class=\"yoast-schema-graph\">{\"@context\":\"https:\/\/schema.org\",\"@graph\":[{\"@type\":\"WebPage\",\"@id\":\"https:\/\/culturecaviar.com\/de\/produkt\/mother-of-pearl-loeffel\/\",\"url\":\"https:\/\/culturecaviar.com\/de\/produkt\/mother-of-pearl-loeffel\/\",\"name\":\"Mother of pearl L\u00f6ffel - Culture Caviar\",\"isPartOf\":{\"@id\":\"https:\/\/culturecaviar.com\/de\/#website\"},\"primaryImageOfPage\":{\"@id\":\"https:\/\/culturecaviar.com\/de\/produkt\/mother-of-pearl-loeffel\/#primaryimage\"},\"image\":{\"@id\":\"https:\/\/culturecaviar.com\/de\/produkt\/mother-of-pearl-loeffel\/#primaryimage\"},\"thumbnailUrl\":\"https:\/\/culturecaviar.com\/wp-content\/uploads\/2024\/06\/caviar-mother-of-pearl-spoon1.jpg\",\"datePublished\":\"2024-06-26T05:45:55+00:00\",\"dateModified\":\"2025-05-26T07:34:16+00:00\",\"breadcrumb\":{\"@id\":\"https:\/\/culturecaviar.com\/de\/produkt\/mother-of-pearl-loeffel\/#breadcrumb\"},\"inLanguage\":\"de\",\"potentialAction\":[{\"@type\":\"ReadAction\",\"target\":[\"https:\/\/culturecaviar.com\/de\/produkt\/mother-of-pearl-loeffel\/\"]}]},{\"@type\":\"ImageObject\",\"inLanguage\":\"de\",\"@id\":\"https:\/\/culturecaviar.com\/de\/produkt\/mother-of-pearl-loeffel\/#primaryimage\",\"url\":\"https:\/\/culturecaviar.com\/wp-content\/uploads\/2024\/06\/caviar-mother-of-pearl-spoon1.jpg\",\"contentUrl\":\"https:\/\/culturecaviar.com\/wp-content\/uploads\/2024\/06\/caviar-mother-of-pearl-spoon1.jpg\",\"width\":800,\"height\":800,\"caption\":\"caviar-mother-of-pearl-spoon\"},{\"@type\":\"BreadcrumbList\",\"@id\":\"https:\/\/culturecaviar.com\/de\/produkt\/mother-of-pearl-loeffel\/#breadcrumb\",\"itemListElement\":[{\"@type\":\"ListItem\",\"position\":1,\"name\":\"Home\",\"item\":\"https:\/\/culturecaviar.com\/de\/\"},{\"@type\":\"ListItem\",\"position\":2,\"name\":\"Gesch\u00e4ft\",\"item\":\"https:\/\/culturecaviar.com\/de\/geschaeft\/\"},{\"@type\":\"ListItem\",\"position\":3,\"name\":\"Mother of pearl L\u00f6ffel\"}]},{\"@type\":\"WebSite\",\"@id\":\"https:\/\/culturecaviar.com\/de\/#website\",\"url\":\"https:\/\/culturecaviar.com\/de\/\",\"name\":\"Culture Caviar\",\"description\":\"Best Caviar Online Shop\",\"publisher\":{\"@id\":\"https:\/\/culturecaviar.com\/de\/#organization\"},\"potentialAction\":[{\"@type\":\"SearchAction\",\"target\":{\"@type\":\"EntryPoint\",\"urlTemplate\":\"https:\/\/culturecaviar.com\/de\/?s={search_term_string}\"},\"query-input\":{\"@type\":\"PropertyValueSpecification\",\"valueRequired\":true,\"valueName\":\"search_term_string\"}}],\"inLanguage\":\"de\"},{\"@type\":\"Organization\",\"@id\":\"https:\/\/culturecaviar.com\/de\/#organization\",\"name\":\"Culture Caviar\",\"url\":\"https:\/\/culturecaviar.com\/de\/\",\"logo\":{\"@type\":\"ImageObject\",\"inLanguage\":\"de\",\"@id\":\"https:\/\/culturecaviar.com\/de\/#\/schema\/logo\/image\/\",\"url\":\"https:\/\/culturecaviar.com\/wp-content\/uploads\/2024\/05\/caviar-culture-logo.jpg\",\"contentUrl\":\"https:\/\/culturecaviar.com\/wp-content\/uploads\/2024\/05\/caviar-culture-logo.jpg\",\"width\":95,\"height\":92,\"caption\":\"Culture Caviar\"},\"image\":{\"@id\":\"https:\/\/culturecaviar.com\/de\/#\/schema\/logo\/image\/\"}}]}<\/script>\n<!-- \/ Yoast SEO plugin. -->","yoast_head_json":{"title":"Mother of pearl L\u00f6ffel - Culture Caviar","robots":{"index":"index","follow":"follow","max-snippet":"max-snippet:-1","max-image-preview":"max-image-preview:large","max-video-preview":"max-video-preview:-1"},"canonical":"https:\/\/culturecaviar.com\/de\/produkt\/mother-of-pearl-loeffel\/","og_locale":"de_DE","og_type":"article","og_title":"Mother of pearl L\u00f6ffel - Culture Caviar","og_description":"Mit dezenter GravurF\u00fcr unverf\u00e4lschten Kaviar-Genuss L\u00e4nge: ca. 10 cm, runde Form Mit dezenter Gravur","og_url":"https:\/\/culturecaviar.com\/de\/produkt\/mother-of-pearl-loeffel\/","og_site_name":"Culture Caviar","article_modified_time":"2025-05-26T07:34:16+00:00","og_image":[{"width":800,"height":800,"url":"https:\/\/culturecaviar.com\/wp-content\/uploads\/2024\/06\/caviar-mother-of-pearl-spoon1.jpg","type":"image\/jpeg"}],"twitter_card":"summary_large_image","schema":{"@context":"https:\/\/schema.org","@graph":[{"@type":"WebPage","@id":"https:\/\/culturecaviar.com\/de\/produkt\/mother-of-pearl-loeffel\/","url":"https:\/\/culturecaviar.com\/de\/produkt\/mother-of-pearl-loeffel\/","name":"Mother of pearl L\u00f6ffel - Culture Caviar","isPartOf":{"@id":"https:\/\/culturecaviar.com\/de\/#website"},"primaryImageOfPage":{"@id":"https:\/\/culturecaviar.com\/de\/produkt\/mother-of-pearl-loeffel\/#primaryimage"},"image":{"@id":"https:\/\/culturecaviar.com\/de\/produkt\/mother-of-pearl-loeffel\/#primaryimage"},"thumbnailUrl":"https:\/\/culturecaviar.com\/wp-content\/uploads\/2024\/06\/caviar-mother-of-pearl-spoon1.jpg","datePublished":"2024-06-26T05:45:55+00:00","dateModified":"2025-05-26T07:34:16+00:00","breadcrumb":{"@id":"https:\/\/culturecaviar.com\/de\/produkt\/mother-of-pearl-loeffel\/#breadcrumb"},"inLanguage":"de","potentialAction":[{"@type":"ReadAction","target":["https:\/\/culturecaviar.com\/de\/produkt\/mother-of-pearl-loeffel\/"]}]},{"@type":"ImageObject","inLanguage":"de","@id":"https:\/\/culturecaviar.com\/de\/produkt\/mother-of-pearl-loeffel\/#primaryimage","url":"https:\/\/culturecaviar.com\/wp-content\/uploads\/2024\/06\/caviar-mother-of-pearl-spoon1.jpg","contentUrl":"https:\/\/culturecaviar.com\/wp-content\/uploads\/2024\/06\/caviar-mother-of-pearl-spoon1.jpg","width":800,"height":800,"caption":"caviar-mother-of-pearl-spoon"},{"@type":"BreadcrumbList","@id":"https:\/\/culturecaviar.com\/de\/produkt\/mother-of-pearl-loeffel\/#breadcrumb","itemListElement":[{"@type":"ListItem","position":1,"name":"Home","item":"https:\/\/culturecaviar.com\/de\/"},{"@type":"ListItem","position":2,"name":"Gesch\u00e4ft","item":"https:\/\/culturecaviar.com\/de\/geschaeft\/"},{"@type":"ListItem","position":3,"name":"Mother of pearl L\u00f6ffel"}]},{"@type":"WebSite","@id":"https:\/\/culturecaviar.com\/de\/#website","url":"https:\/\/culturecaviar.com\/de\/","name":"Culture Caviar","description":"Best Caviar Online Shop","publisher":{"@id":"https:\/\/culturecaviar.com\/de\/#organization"},"potentialAction":[{"@type":"SearchAction","target":{"@type":"EntryPoint","urlTemplate":"https:\/\/culturecaviar.com\/de\/?s={search_term_string}"},"query-input":{"@type":"PropertyValueSpecification","valueRequired":true,"valueName":"search_term_string"}}],"inLanguage":"de"},{"@type":"Organization","@id":"https:\/\/culturecaviar.com\/de\/#organization","name":"Culture Caviar","url":"https:\/\/culturecaviar.com\/de\/","logo":{"@type":"ImageObject","inLanguage":"de","@id":"https:\/\/culturecaviar.com\/de\/#\/schema\/logo\/image\/","url":"https:\/\/culturecaviar.com\/wp-content\/uploads\/2024\/05\/caviar-culture-logo.jpg","contentUrl":"https:\/\/culturecaviar.com\/wp-content\/uploads\/2024\/05\/caviar-culture-logo.jpg","width":95,"height":92,"caption":"Culture Caviar"},"image":{"@id":"https:\/\/culturecaviar.com\/de\/#\/schema\/logo\/image\/"}}]}},"_links":{"self":[{"href":"https:\/\/culturecaviar.com\/de\/wp-json\/wp\/v2\/product\/30232","targetHints":{"allow":["GET"]}}],"collection":[{"href":"https:\/\/culturecaviar.com\/de\/wp-json\/wp\/v2\/product"}],"about":[{"href":"https:\/\/culturecaviar.com\/de\/wp-json\/wp\/v2\/types\/product"}],"replies":[{"embeddable":true,"href":"https:\/\/culturecaviar.com\/de\/wp-json\/wp\/v2\/comments?post=30232"}],"version-history":[{"count":1,"href":"https:\/\/culturecaviar.com\/de\/wp-json\/wp\/v2\/product\/30232\/revisions"}],"predecessor-version":[{"id":30233,"href":"https:\/\/culturecaviar.com\/de\/wp-json\/wp\/v2\/product\/30232\/revisions\/30233"}],"wp:featuredmedia":[{"embeddable":true,"href":"https:\/\/culturecaviar.com\/de\/wp-json\/wp\/v2\/media\/29936"}],"wp:attachment":[{"href":"https:\/\/culturecaviar.com\/de\/wp-json\/wp\/v2\/media?parent=30232"}],"wp:term":[{"taxonomy":"product_brand","embeddable":true,"href":"https:\/\/culturecaviar.com\/de\/wp-json\/wp\/v2\/product_brand?post=30232"},{"taxonomy":"product_cat","embeddable":true,"href":"https:\/\/culturecaviar.com\/de\/wp-json\/wp\/v2\/product_cat?post=30232"},{"taxonomy":"product_tag","embeddable":true,"href":"https:\/\/culturecaviar.com\/de\/wp-json\/wp\/v2\/product_tag?post=30232"}],"curies":[{"name":"wp","href":"https:\/\/api.w.org\/{rel}","templated":true}]}}