{"id":30182,"date":"2024-06-19T23:54:42","date_gmt":"2024-06-19T23:54:42","guid":{"rendered":"https:\/\/culturecaviar.com\/product\/sevruga-classic-kaviar\/"},"modified":"2025-05-29T09:51:44","modified_gmt":"2025-05-29T09:51:44","slug":"sevruga-classic-kaviar","status":"publish","type":"product","link":"https:\/\/culturecaviar.com\/de\/produkt\/sevruga-classic-kaviar\/","title":{"rendered":"Sevruga Classic Kaviar"},"content":{"rendered":"\t\t<div data-elementor-type=\"wp-post\" data-elementor-id=\"30182\" class=\"elementor elementor-30182 elementor-28183\">\n\t\t\t\t<div class=\"wd-negative-gap elementor-element elementor-element-2a51e47 e-flex e-con-boxed e-con e-parent\" data-id=\"2a51e47\" data-element_type=\"container\">\n\t\t\t\t\t<div class=\"e-con-inner\">\n\t\t\t\t<div class=\"elementor-element elementor-element-81fa99f wd-width-100 elementor-widget elementor-widget-wd_title\" data-id=\"81fa99f\" data-element_type=\"widget\" data-widget_type=\"wd_title.default\">\n\t\t\t\t<div class=\"elementor-widget-container\">\n\t\t\t\t\t\t\t<div class=\"title-wrapper wd-set-mb reset-last-child wd-title-color-default wd-title-style-default wd-title-size-default text-left\">\n\n\t\t\t\n\t\t\t<div class=\"liner-continer\">\n\t\t\t\t<h4 class=\"woodmart-title-container title wd-fontsize-l\">Sevruga Kaviar<\/h4> \n\t\t\t\t\t\t\t<\/div>\n\n\t\t\t\t\t\t\t<div class=\"title-after_title reset-last-child wd-fontsize-xs\">\n\t\t\t\t\t<p>Sevruga Kaviar wird aus dem Ozon-Fisch mit dem wissenschaftlichen Namen Acipenser Stellatus gewonnen, der nach Beluga und Ossetra einen globalen Einfluss auf Kaviar hatte. Aber im Gegensatz zu seinen ber\u00fchmten Pendants hat er eine moderatere Gr\u00f6\u00dfe und einen ausgewogeneren butterigen Geschmack. Sevruga wird als klassischer Kaviar eingestuft.<\/p><p>Ein anderer Name f\u00fcr diesen Fisch ist 'Sternst\u00f6r', benannt nach seiner wundersch\u00f6nen Haut, die sternf\u00f6rmige Muster aufweist.<\/p><p>Die besondere Stellung dieses Kaviars und dieses Fisches ist so besonders, dass in Iran die Gruppe der St\u00f6rfische unter dem Namen dieses Fisches, d.h. Ozon, bekannt ist. Wenn der Name des Kaviarfisches erw\u00e4hnt wird, pr\u00e4gt sich der Name Ozonbron unbewusst in den K\u00f6pfen des Publikums ein.<\/p>\t\t\t\t<\/div>\n\t\t\t\t\t<\/div>\n\t\t\t\t\t\t<\/div>\n\t\t\t\t<\/div>\n\t\t\t\t<div class=\"elementor-element elementor-element-80f7f90 wd-width-100 elementor-widget elementor-widget-wd_title\" data-id=\"80f7f90\" data-element_type=\"widget\" data-widget_type=\"wd_title.default\">\n\t\t\t\t<div class=\"elementor-widget-container\">\n\t\t\t\t\t\t\t<div class=\"title-wrapper wd-set-mb reset-last-child wd-title-color-default wd-title-style-default wd-title-size-default text-left\">\n\n\t\t\t\n\t\t\t<div class=\"liner-continer\">\n\t\t\t\t<h4 class=\"woodmart-title-container title wd-fontsize-l\">Arten von Sevruga Kaviar<\/h4> \n\t\t\t\t\t\t\t<\/div>\n\n\t\t\t\t\t\t\t<div class=\"title-after_title reset-last-child wd-fontsize-xs\">\n\t\t\t\t\t<p>Der Typ der Verpackung ist sehr wichtig f\u00fcr die Aufrechterhaltung der Qualit\u00e4t des Kaviars. Desjardins-Dosen sind f\u00fchrend in der Kaviarverpackungsindustrie, und Glasdosen sind ebenfalls sichere und geeignete Beh\u00e4lter f\u00fcr die Kaviarverpackung und das Vakuum.<\/p><p>Die Verpackung ist in 30g, 50g, 125g und 250g Desjardin-Dosen sowie in 50g belgischem Glas erh\u00e4ltlich.<\/p>\t\t\t\t<\/div>\n\t\t\t\t\t<\/div>\n\t\t\t\t\t\t<\/div>\n\t\t\t\t<\/div>\n\t\t\t\t<div class=\"elementor-element elementor-element-6c61bc6 wd-width-100 elementor-widget elementor-widget-wd_title\" data-id=\"6c61bc6\" data-element_type=\"widget\" data-widget_type=\"wd_title.default\">\n\t\t\t\t<div class=\"elementor-widget-container\">\n\t\t\t\t\t\t\t<div class=\"title-wrapper wd-set-mb reset-last-child wd-title-color-default wd-title-style-default wd-title-size-default text-left\">\n\n\t\t\t\n\t\t\t<div class=\"liner-continer\">\n\t\t\t\t<h4 class=\"woodmart-title-container title wd-fontsize-l\">Eigenschaften von Sevruga Kaviar<\/h4> \n\t\t\t\t\t\t\t<\/div>\n\n\t\t\t\t\t\t\t<div class=\"title-after_title reset-last-child wd-fontsize-xs\">\n\t\t\t\t\t<p>Das Farbspektrum von Sevruga Kaviar reicht von Hellgrau bis Anthrazit, und seine Textur hat eine gute cremige Konsistenz.<\/p>\t\t\t\t<\/div>\n\t\t\t\t\t<\/div>\n\t\t\t\t\t\t<\/div>\n\t\t\t\t<\/div>\n\t\t\t\t<div class=\"elementor-element elementor-element-a821a50 wd-width-100 elementor-widget elementor-widget-wd_title\" data-id=\"a821a50\" data-element_type=\"widget\" data-widget_type=\"wd_title.default\">\n\t\t\t\t<div class=\"elementor-widget-container\">\n\t\t\t\t\t\t\t<div class=\"title-wrapper wd-set-mb reset-last-child wd-title-color-default wd-title-style-default wd-title-size-default text-left\">\n\n\t\t\t\n\t\t\t<div class=\"liner-continer\">\n\t\t\t\t<h4 class=\"woodmart-title-container title wd-fontsize-l\">Wie man Sevruga Kaviar konsumiert<\/h4> \n\t\t\t\t\t\t\t<\/div>\n\n\t\t\t\t\t\t\t<div class=\"title-after_title reset-last-child wd-fontsize-xs\">\n\t\t\t\t\t<p>Wenn Sie zu den Menschen geh\u00f6ren, die in der Welt des Kaviars weit gereist sind, wissen Sie, dass der beste Sevruga aus dem Kaspischen Meer stammt, und viele ber\u00fchmte K\u00f6che loben diese leuchtenden kleinen K\u00f6rner und verwenden sie, um ihre Teller zu dekorieren.<\/p><p>Sevruga-Kaviar mit R\u00fchrei und Sahne ist ein toller Snack f\u00fcr den Tag. Alternativ k\u00f6nnen Sie auch einfach ein Baguette in Ringe schneiden, ein gekochtes Ei darauf legen und einen Teel\u00f6ffel Suruga-Kaviar hinzuf\u00fcgen. Bereichern.<\/p>\t\t\t\t<\/div>\n\t\t\t\t\t<\/div>\n\t\t\t\t\t\t<\/div>\n\t\t\t\t<\/div>\n\t\t\t\t<div class=\"elementor-element elementor-element-fecd1f7 wd-width-100 elementor-widget elementor-widget-wd_title\" data-id=\"fecd1f7\" data-element_type=\"widget\" data-widget_type=\"wd_title.default\">\n\t\t\t\t<div class=\"elementor-widget-container\">\n\t\t\t\t\t\t\t<div class=\"title-wrapper wd-set-mb reset-last-child wd-title-color-default wd-title-style-default wd-title-size-default text-left\">\n\n\t\t\t\n\t\t\t<div class=\"liner-continer\">\n\t\t\t\t<h4 class=\"woodmart-title-container title wd-fontsize-l\">Lagerbedingungen f\u00fcr Sevruga Kaviar<\/h4> \n\t\t\t\t\t\t\t<\/div>\n\n\t\t\t\t\t\t\t<div class=\"title-after_title reset-last-child wd-fontsize-xs\">\n\t\t\t\t\t<p>Gem\u00e4\u00df den Anweisungen der Veterin\u00e4rorganisation variiert die Lagerzeit von Kaviar im Inland je nach Salz- und Boraxanteil sowie der Art des Kaviars.<\/p><p>Der beste Weg, die Qualit\u00e4t von Kaviar zu erhalten, ist, ihn im K\u00fchlschrank aufzubewahren. Um die Temperatur im K\u00fchlschrank zu regulieren, ist die Verwendung von Eispackungen um die Dose herum wirksam, um die Qualit\u00e4t des Kaviars zu erhalten. Kaviardosen werden nach dem Verpacken vakuumiert, um Kontamination zu verhindern und den Kaviar l\u00e4nger zu konservieren. Nach dem \u00d6ffnen des Deckels von Kaviarverpackungen kann er 5 Tage lang verwendet werden.<\/p><p>F\u00fcr den pers\u00f6nlichen (h\u00e4uslichen) Gebrauch werden kleinere Beh\u00e4lter empfohlen.<\/p>\t\t\t\t<\/div>\n\t\t\t\t\t<\/div>\n\t\t\t\t\t\t<\/div>\n\t\t\t\t<\/div>\n\t\t\t\t\t<\/div>\n\t\t\t\t<\/div>\n\t\t\t\t<\/div>\n\t\t","protected":false},"excerpt":{"rendered":"<p>Sevruga Kaviar gilt als eine der klassischen Kaviar-Sorten. Es wird vom Acipenser Stellatus St\u00f6r gewonnen, einer der drei St\u00f6rarten, die urspr\u00fcnglich im Kaspischen Meer beheimatet sind. Unter den gez\u00fcchteten Kaviars ist es der seltenste.<\/p>\n","protected":false},"featured_media":29857,"comment_status":"open","ping_status":"closed","template":"","meta":[],"product_brand":[],"product_cat":[134],"product_tag":[],"class_list":{"0":"post-30182","1":"product","2":"type-product","3":"status-publish","4":"has-post-thumbnail","6":"product_cat-sevruga-kaviar","8":"first","9":"instock","10":"taxable","11":"shipping-taxable","12":"purchasable","13":"product-type-variable"},"yoast_head":"<!-- This site is optimized with the Yoast SEO plugin v26.6 - https:\/\/yoast.com\/wordpress\/plugins\/seo\/ -->\n<title>Sevruga Classic Kaviar - Culture Caviar<\/title>\n<meta name=\"robots\" content=\"index, follow, max-snippet:-1, max-image-preview:large, max-video-preview:-1\" \/>\n<link rel=\"canonical\" href=\"https:\/\/culturecaviar.com\/de\/produkt\/sevruga-classic-kaviar\/\" \/>\n<meta property=\"og:locale\" content=\"de_DE\" \/>\n<meta property=\"og:type\" content=\"article\" \/>\n<meta property=\"og:title\" content=\"Sevruga Classic Kaviar - Culture Caviar\" \/>\n<meta property=\"og:description\" content=\"Sevruga Kaviar gilt als eine der klassischen Kaviar-Sorten. Es wird vom Acipenser Stellatus St\u00f6r gewonnen, einer der drei St\u00f6rarten, die urspr\u00fcnglich im Kaspischen Meer beheimatet sind. Unter den gez\u00fcchteten Kaviars ist es der seltenste.\" \/>\n<meta property=\"og:url\" content=\"https:\/\/culturecaviar.com\/de\/produkt\/sevruga-classic-kaviar\/\" \/>\n<meta property=\"og:site_name\" content=\"Culture Caviar\" \/>\n<meta property=\"article:modified_time\" content=\"2025-05-29T09:51:44+00:00\" \/>\n<meta property=\"og:image\" content=\"https:\/\/culturecaviar.com\/wp-content\/uploads\/2021\/08\/6.jpg\" \/>\n\t<meta property=\"og:image:width\" content=\"800\" \/>\n\t<meta property=\"og:image:height\" content=\"800\" \/>\n\t<meta property=\"og:image:type\" content=\"image\/jpeg\" \/>\n<meta name=\"twitter:card\" content=\"summary_large_image\" \/>\n<meta name=\"twitter:label1\" content=\"Gesch\u00e4tzte Lesezeit\" \/>\n\t<meta name=\"twitter:data1\" content=\"3\u00a0Minuten\" \/>\n<script type=\"application\/ld+json\" class=\"yoast-schema-graph\">{\"@context\":\"https:\/\/schema.org\",\"@graph\":[{\"@type\":\"WebPage\",\"@id\":\"https:\/\/culturecaviar.com\/de\/produkt\/sevruga-classic-kaviar\/\",\"url\":\"https:\/\/culturecaviar.com\/de\/produkt\/sevruga-classic-kaviar\/\",\"name\":\"Sevruga Classic Kaviar - Culture Caviar\",\"isPartOf\":{\"@id\":\"https:\/\/culturecaviar.com\/de\/#website\"},\"primaryImageOfPage\":{\"@id\":\"https:\/\/culturecaviar.com\/de\/produkt\/sevruga-classic-kaviar\/#primaryimage\"},\"image\":{\"@id\":\"https:\/\/culturecaviar.com\/de\/produkt\/sevruga-classic-kaviar\/#primaryimage\"},\"thumbnailUrl\":\"https:\/\/culturecaviar.com\/wp-content\/uploads\/2021\/08\/6.jpg\",\"datePublished\":\"2024-06-19T23:54:42+00:00\",\"dateModified\":\"2025-05-29T09:51:44+00:00\",\"breadcrumb\":{\"@id\":\"https:\/\/culturecaviar.com\/de\/produkt\/sevruga-classic-kaviar\/#breadcrumb\"},\"inLanguage\":\"de\",\"potentialAction\":[{\"@type\":\"ReadAction\",\"target\":[\"https:\/\/culturecaviar.com\/de\/produkt\/sevruga-classic-kaviar\/\"]}]},{\"@type\":\"ImageObject\",\"inLanguage\":\"de\",\"@id\":\"https:\/\/culturecaviar.com\/de\/produkt\/sevruga-classic-kaviar\/#primaryimage\",\"url\":\"https:\/\/culturecaviar.com\/wp-content\/uploads\/2021\/08\/6.jpg\",\"contentUrl\":\"https:\/\/culturecaviar.com\/wp-content\/uploads\/2021\/08\/6.jpg\",\"width\":800,\"height\":800,\"caption\":\"Berry-Kaviar\"},{\"@type\":\"BreadcrumbList\",\"@id\":\"https:\/\/culturecaviar.com\/de\/produkt\/sevruga-classic-kaviar\/#breadcrumb\",\"itemListElement\":[{\"@type\":\"ListItem\",\"position\":1,\"name\":\"Home\",\"item\":\"https:\/\/culturecaviar.com\/de\/\"},{\"@type\":\"ListItem\",\"position\":2,\"name\":\"Gesch\u00e4ft\",\"item\":\"https:\/\/culturecaviar.com\/de\/geschaeft\/\"},{\"@type\":\"ListItem\",\"position\":3,\"name\":\"Sevruga Classic Kaviar\"}]},{\"@type\":\"WebSite\",\"@id\":\"https:\/\/culturecaviar.com\/de\/#website\",\"url\":\"https:\/\/culturecaviar.com\/de\/\",\"name\":\"Culture Caviar\",\"description\":\"Best Caviar Online Shop\",\"publisher\":{\"@id\":\"https:\/\/culturecaviar.com\/de\/#organization\"},\"potentialAction\":[{\"@type\":\"SearchAction\",\"target\":{\"@type\":\"EntryPoint\",\"urlTemplate\":\"https:\/\/culturecaviar.com\/de\/?s={search_term_string}\"},\"query-input\":{\"@type\":\"PropertyValueSpecification\",\"valueRequired\":true,\"valueName\":\"search_term_string\"}}],\"inLanguage\":\"de\"},{\"@type\":\"Organization\",\"@id\":\"https:\/\/culturecaviar.com\/de\/#organization\",\"name\":\"Culture Caviar\",\"url\":\"https:\/\/culturecaviar.com\/de\/\",\"logo\":{\"@type\":\"ImageObject\",\"inLanguage\":\"de\",\"@id\":\"https:\/\/culturecaviar.com\/de\/#\/schema\/logo\/image\/\",\"url\":\"https:\/\/culturecaviar.com\/wp-content\/uploads\/2024\/05\/caviar-culture-logo.jpg\",\"contentUrl\":\"https:\/\/culturecaviar.com\/wp-content\/uploads\/2024\/05\/caviar-culture-logo.jpg\",\"width\":95,\"height\":92,\"caption\":\"Culture Caviar\"},\"image\":{\"@id\":\"https:\/\/culturecaviar.com\/de\/#\/schema\/logo\/image\/\"}}]}<\/script>\n<!-- \/ Yoast SEO plugin. -->","yoast_head_json":{"title":"Sevruga Classic Kaviar - Culture Caviar","robots":{"index":"index","follow":"follow","max-snippet":"max-snippet:-1","max-image-preview":"max-image-preview:large","max-video-preview":"max-video-preview:-1"},"canonical":"https:\/\/culturecaviar.com\/de\/produkt\/sevruga-classic-kaviar\/","og_locale":"de_DE","og_type":"article","og_title":"Sevruga Classic Kaviar - Culture Caviar","og_description":"Sevruga Kaviar gilt als eine der klassischen Kaviar-Sorten. Es wird vom Acipenser Stellatus St\u00f6r gewonnen, einer der drei St\u00f6rarten, die urspr\u00fcnglich im Kaspischen Meer beheimatet sind. Unter den gez\u00fcchteten Kaviars ist es der seltenste.","og_url":"https:\/\/culturecaviar.com\/de\/produkt\/sevruga-classic-kaviar\/","og_site_name":"Culture Caviar","article_modified_time":"2025-05-29T09:51:44+00:00","og_image":[{"width":800,"height":800,"url":"https:\/\/culturecaviar.com\/wp-content\/uploads\/2021\/08\/6.jpg","type":"image\/jpeg"}],"twitter_card":"summary_large_image","twitter_misc":{"Gesch\u00e4tzte Lesezeit":"3\u00a0Minuten"},"schema":{"@context":"https:\/\/schema.org","@graph":[{"@type":"WebPage","@id":"https:\/\/culturecaviar.com\/de\/produkt\/sevruga-classic-kaviar\/","url":"https:\/\/culturecaviar.com\/de\/produkt\/sevruga-classic-kaviar\/","name":"Sevruga Classic Kaviar - Culture Caviar","isPartOf":{"@id":"https:\/\/culturecaviar.com\/de\/#website"},"primaryImageOfPage":{"@id":"https:\/\/culturecaviar.com\/de\/produkt\/sevruga-classic-kaviar\/#primaryimage"},"image":{"@id":"https:\/\/culturecaviar.com\/de\/produkt\/sevruga-classic-kaviar\/#primaryimage"},"thumbnailUrl":"https:\/\/culturecaviar.com\/wp-content\/uploads\/2021\/08\/6.jpg","datePublished":"2024-06-19T23:54:42+00:00","dateModified":"2025-05-29T09:51:44+00:00","breadcrumb":{"@id":"https:\/\/culturecaviar.com\/de\/produkt\/sevruga-classic-kaviar\/#breadcrumb"},"inLanguage":"de","potentialAction":[{"@type":"ReadAction","target":["https:\/\/culturecaviar.com\/de\/produkt\/sevruga-classic-kaviar\/"]}]},{"@type":"ImageObject","inLanguage":"de","@id":"https:\/\/culturecaviar.com\/de\/produkt\/sevruga-classic-kaviar\/#primaryimage","url":"https:\/\/culturecaviar.com\/wp-content\/uploads\/2021\/08\/6.jpg","contentUrl":"https:\/\/culturecaviar.com\/wp-content\/uploads\/2021\/08\/6.jpg","width":800,"height":800,"caption":"Berry-Kaviar"},{"@type":"BreadcrumbList","@id":"https:\/\/culturecaviar.com\/de\/produkt\/sevruga-classic-kaviar\/#breadcrumb","itemListElement":[{"@type":"ListItem","position":1,"name":"Home","item":"https:\/\/culturecaviar.com\/de\/"},{"@type":"ListItem","position":2,"name":"Gesch\u00e4ft","item":"https:\/\/culturecaviar.com\/de\/geschaeft\/"},{"@type":"ListItem","position":3,"name":"Sevruga Classic Kaviar"}]},{"@type":"WebSite","@id":"https:\/\/culturecaviar.com\/de\/#website","url":"https:\/\/culturecaviar.com\/de\/","name":"Culture Caviar","description":"Best Caviar Online Shop","publisher":{"@id":"https:\/\/culturecaviar.com\/de\/#organization"},"potentialAction":[{"@type":"SearchAction","target":{"@type":"EntryPoint","urlTemplate":"https:\/\/culturecaviar.com\/de\/?s={search_term_string}"},"query-input":{"@type":"PropertyValueSpecification","valueRequired":true,"valueName":"search_term_string"}}],"inLanguage":"de"},{"@type":"Organization","@id":"https:\/\/culturecaviar.com\/de\/#organization","name":"Culture Caviar","url":"https:\/\/culturecaviar.com\/de\/","logo":{"@type":"ImageObject","inLanguage":"de","@id":"https:\/\/culturecaviar.com\/de\/#\/schema\/logo\/image\/","url":"https:\/\/culturecaviar.com\/wp-content\/uploads\/2024\/05\/caviar-culture-logo.jpg","contentUrl":"https:\/\/culturecaviar.com\/wp-content\/uploads\/2024\/05\/caviar-culture-logo.jpg","width":95,"height":92,"caption":"Culture Caviar"},"image":{"@id":"https:\/\/culturecaviar.com\/de\/#\/schema\/logo\/image\/"}}]}},"_links":{"self":[{"href":"https:\/\/culturecaviar.com\/de\/wp-json\/wp\/v2\/product\/30182","targetHints":{"allow":["GET"]}}],"collection":[{"href":"https:\/\/culturecaviar.com\/de\/wp-json\/wp\/v2\/product"}],"about":[{"href":"https:\/\/culturecaviar.com\/de\/wp-json\/wp\/v2\/types\/product"}],"replies":[{"embeddable":true,"href":"https:\/\/culturecaviar.com\/de\/wp-json\/wp\/v2\/comments?post=30182"}],"version-history":[{"count":12,"href":"https:\/\/culturecaviar.com\/de\/wp-json\/wp\/v2\/product\/30182\/revisions"}],"predecessor-version":[{"id":30263,"href":"https:\/\/culturecaviar.com\/de\/wp-json\/wp\/v2\/product\/30182\/revisions\/30263"}],"wp:featuredmedia":[{"embeddable":true,"href":"https:\/\/culturecaviar.com\/de\/wp-json\/wp\/v2\/media\/29857"}],"wp:attachment":[{"href":"https:\/\/culturecaviar.com\/de\/wp-json\/wp\/v2\/media?parent=30182"}],"wp:term":[{"taxonomy":"product_brand","embeddable":true,"href":"https:\/\/culturecaviar.com\/de\/wp-json\/wp\/v2\/product_brand?post=30182"},{"taxonomy":"product_cat","embeddable":true,"href":"https:\/\/culturecaviar.com\/de\/wp-json\/wp\/v2\/product_cat?post=30182"},{"taxonomy":"product_tag","embeddable":true,"href":"https:\/\/culturecaviar.com\/de\/wp-json\/wp\/v2\/product_tag?post=30182"}],"curies":[{"name":"wp","href":"https:\/\/api.w.org\/{rel}","templated":true}]}}