{"id":30168,"date":"2024-05-18T09:14:31","date_gmt":"2024-05-18T09:14:31","guid":{"rendered":"https:\/\/culturecaviar.com\/product\/osietra-hellfarbiger-kaviar\/"},"modified":"2026-02-24T16:00:59","modified_gmt":"2026-02-24T16:00:59","slug":"osietra-hellfarbiger-kaviar","status":"publish","type":"product","link":"https:\/\/culturecaviar.com\/de\/produkt\/osietra-hellfarbiger-kaviar\/","title":{"rendered":"Ossetra Light Color Kaviar"},"content":{"rendered":"\t\t<div data-elementor-type=\"wp-post\" data-elementor-id=\"30168\" class=\"elementor elementor-30168 elementor-27436\">\n\t\t\t\t<div class=\"wd-negative-gap elementor-element elementor-element-2a51e47 e-flex e-con-boxed e-con e-parent\" data-id=\"2a51e47\" data-element_type=\"container\">\n\t\t\t\t\t<div class=\"e-con-inner\">\n\t\t\t\t<div class=\"elementor-element elementor-element-81fa99f wd-width-100 elementor-widget elementor-widget-wd_title\" data-id=\"81fa99f\" data-element_type=\"widget\" data-widget_type=\"wd_title.default\">\n\t\t\t\t<div class=\"elementor-widget-container\">\n\t\t\t\t\t\t\t<div class=\"title-wrapper wd-set-mb reset-last-child wd-title-color-default wd-title-style-default wd-title-size-default text-left\">\n\n\t\t\t\n\t\t\t<div class=\"liner-continer\">\n\t\t\t\t<h4 class=\"woodmart-title-container title wd-fontsize-l\"><\/h4> \n\t\t\t\t\t\t\t<\/div>\n\n\t\t\t\t\t\t\t<div class=\"title-after_title reset-last-child wd-fontsize-xs\">\n\t\t\t\t\t<p>Zweifellos ist der Qarabron-Fisch einer der sch\u00f6nsten St\u00f6rfische. Seine sch\u00f6ne Haut und die runde Schnauze machen ihn zu einem der sch\u00f6nsten St\u00f6rfische. Ossetra Imperial ist ein klassischer Kaviar mit mittlerer Gr\u00f6\u00dfe, verschiedenen Farben und w\u00fcnschenswerter Konsistenz. Ossetra geh\u00f6rt zu den beliebtesten Kaviarsorten unter den K\u00f6chen weltweit aufgrund seiner geeigneten Textur, breiten Farbvielfalt und seines charakteristischen und einzigartigen Geschmacks.   <\/p>\t\t\t\t<\/div>\n\t\t\t\t\t<\/div>\n\t\t\t\t\t\t<\/div>\n\t\t\t\t<\/div>\n\t\t\t\t<div class=\"elementor-element elementor-element-80f7f90 wd-width-100 elementor-widget elementor-widget-wd_title\" data-id=\"80f7f90\" data-element_type=\"widget\" data-widget_type=\"wd_title.default\">\n\t\t\t\t<div class=\"elementor-widget-container\">\n\t\t\t\t\t\t\t<div class=\"title-wrapper wd-set-mb reset-last-child wd-title-color-default wd-title-style-default wd-title-size-default text-left\">\n\n\t\t\t\n\t\t\t<div class=\"liner-continer\">\n\t\t\t\t<h4 class=\"woodmart-title-container title wd-fontsize-l\">Merkmale von Ossetra Imperial Kaviar<\/h4> \n\t\t\t\t\t\t\t<\/div>\n\n\t\t\t\t\t\t\t<div class=\"title-after_title reset-last-child wd-fontsize-xs\">\n\t\t\t\t\t<p>Die Farbe der Ossetra Imperial K\u00f6rner variiert von Kohleschwarz, Dunkelbraun bis Hellbraun, Gold und Oliv, mittlere Gr\u00f6\u00dfe, kr\u00e4ftiger Geschmack, knusprige und gleichm\u00e4\u00dfige Textur und ein geringerer Fettanteil im Vergleich zu anderen Kaviarsorten.<\/p><p> <\/p>\t\t\t\t<\/div>\n\t\t\t\t\t<\/div>\n\t\t\t\t\t\t<\/div>\n\t\t\t\t<\/div>\n\t\t\t\t<div class=\"elementor-element elementor-element-6c61bc6 wd-width-100 elementor-widget elementor-widget-wd_title\" data-id=\"6c61bc6\" data-element_type=\"widget\" data-widget_type=\"wd_title.default\">\n\t\t\t\t<div class=\"elementor-widget-container\">\n\t\t\t\t\t\t\t<div class=\"title-wrapper wd-set-mb reset-last-child wd-title-color-default wd-title-style-default wd-title-size-default text-left\">\n\n\t\t\t\n\t\t\t<div class=\"liner-continer\">\n\t\t\t\t<h4 class=\"woodmart-title-container title wd-fontsize-l\">Alle Arten von Ossetra Imperial Kaviar<\/h4> \n\t\t\t\t\t\t\t<\/div>\n\n\t\t\t\t\t\t\t<div class=\"title-after_title reset-last-child wd-fontsize-xs\">\n\t\t\t\t\t<p>Bei der kommerziellen Klassifizierung von Ossetra Kaviar werden mehrere Faktoren ber\u00fccksichtigt. Die Gr\u00f6\u00dfe von 2,8 bis 3 mm, Farbe und Konsistenz geh\u00f6ren zu den g\u00e4ngigsten Bewertungskriterien. Hellere Farbe, gr\u00f6\u00dfere Gr\u00f6\u00dfe und angemessene Kornkonsistenz machen Ossetra Imperial Kaviar besser als normalen Ossetra.  <\/p>\t\t\t\t<\/div>\n\t\t\t\t\t<\/div>\n\t\t\t\t\t\t<\/div>\n\t\t\t\t<\/div>\n\t\t\t\t<div class=\"elementor-element elementor-element-75b5b2e wd-width-100 elementor-widget elementor-widget-wd_title\" data-id=\"75b5b2e\" data-element_type=\"widget\" data-widget_type=\"wd_title.default\">\n\t\t\t\t<div class=\"elementor-widget-container\">\n\t\t\t\t\t\t\t<div class=\"title-wrapper wd-set-mb reset-last-child wd-title-color-default wd-title-style-default wd-title-size-default text-left\">\n\n\t\t\t\n\t\t\t<div class=\"liner-continer\">\n\t\t\t\t<h4 class=\"woodmart-title-container title wd-fontsize-l\">Arten der Verpackung von Ossetra Imperial Kaviar<\/h4> \n\t\t\t\t\t\t\t<\/div>\n\n\t\t\t\t\t\t\t<div class=\"title-after_title reset-last-child wd-fontsize-xs\">\n\t\t\t\t\t<p>Die Verpackung und Kennzeichnung erfolgen gem\u00e4\u00df internationalen Standardprinzipien und den von der Veterin\u00e4r- und Fischereiorganisation im Gostaran Sa'i Aquatikkomplex genehmigten Vorschriften zur Kaviarverarbeitung.<\/p><p>Die Verpackung ist in 30g, 50g, 125g und 250g Desjardin-Dosen erh\u00e4ltlich und andererseits auch in 50g belgischem Glas.<\/p>\t\t\t\t<\/div>\n\t\t\t\t\t<\/div>\n\t\t\t\t\t\t<\/div>\n\t\t\t\t<\/div>\n\t\t\t\t<div class=\"elementor-element elementor-element-a821a50 wd-width-100 elementor-widget elementor-widget-wd_title\" data-id=\"a821a50\" data-element_type=\"widget\" data-widget_type=\"wd_title.default\">\n\t\t\t\t<div class=\"elementor-widget-container\">\n\t\t\t\t\t\t\t<div class=\"title-wrapper wd-set-mb reset-last-child wd-title-color-default wd-title-style-default wd-title-size-default text-left\">\n\n\t\t\t\n\t\t\t<div class=\"liner-continer\">\n\t\t\t\t<h4 class=\"woodmart-title-container title wd-fontsize-l\">Eigenschaften von Ossetra Imperial Kaviar<\/h4> \n\t\t\t\t\t\t\t<\/div>\n\n\t\t\t\t\t\t\t<div class=\"title-after_title reset-last-child wd-fontsize-xs\">\n\t\t\t\t\t<p>Ossetra Imperial Kaviar gilt als eines der energiereichen Lebensmittel mit seinen wertvollen Fetten, Aminos\u00e4uren und Vitaminen.<\/p>\t\t\t\t<\/div>\n\t\t\t\t\t<\/div>\n\t\t\t\t\t\t<\/div>\n\t\t\t\t<\/div>\n\t\t\t\t<div class=\"elementor-element elementor-element-fecd1f7 wd-width-100 elementor-widget elementor-widget-wd_title\" data-id=\"fecd1f7\" data-element_type=\"widget\" data-widget_type=\"wd_title.default\">\n\t\t\t\t<div class=\"elementor-widget-container\">\n\t\t\t\t\t\t\t<div class=\"title-wrapper wd-set-mb reset-last-child wd-title-color-default wd-title-style-default wd-title-size-default text-left\">\n\n\t\t\t\n\t\t\t<div class=\"liner-continer\">\n\t\t\t\t<h4 class=\"woodmart-title-container title wd-fontsize-l\">Der Preis von Ossetra Imperial Kaviar<\/h4> \n\t\t\t\t\t\t\t<\/div>\n\n\t\t\t\t\t\t\t<div class=\"title-after_title reset-last-child wd-fontsize-xs\">\n\t\t\t\t\t<p>Basierend auf der Klassifizierung nach Farbe, Gr\u00f6\u00dfe und Textur variiert der Preis des Kaviars. Ossetra Imperial Kaviar ist teurer als gew\u00f6hnlicher Kaviar. <\/p>\t\t\t\t<\/div>\n\t\t\t\t\t<\/div>\n\t\t\t\t\t\t<\/div>\n\t\t\t\t<\/div>\n\t\t\t\t<div class=\"elementor-element elementor-element-85b51d5 wd-width-100 elementor-widget elementor-widget-wd_title\" data-id=\"85b51d5\" data-element_type=\"widget\" data-widget_type=\"wd_title.default\">\n\t\t\t\t<div class=\"elementor-widget-container\">\n\t\t\t\t\t\t\t<div class=\"title-wrapper wd-set-mb reset-last-child wd-title-color-default wd-title-style-default wd-title-size-default text-left\">\n\n\t\t\t\n\t\t\t<div class=\"liner-continer\">\n\t\t\t\t<h4 class=\"woodmart-title-container title wd-fontsize-l\">Wie man Ossetra Kaviar verwendet<\/h4> \n\t\t\t\t\t\t\t<\/div>\n\n\t\t\t\t\t\t\t<div class=\"title-after_title reset-last-child wd-fontsize-xs\">\n\t\t\t\t\t<p>Eine der Verwendungen von Kaviar ist die Zubereitung von Vorspeisen. Bereiten Sie in k\u00fcrzester Zeit eine besondere Vorspeise mit ger\u00e4uchertem Lachs, Gurken-Canap\u00e9s und frischer Sahne zu. Schneiden Sie die kernlose Gurke in Ringe und legen Sie sie auf die mundgerechten Canap\u00e9s, platzieren Sie den ger\u00e4ucherten Lachs in Form von d\u00fcnnen Streifen zusammen mit frischer Sahne und Kaviar darauf.  <\/p><p>Die 30- und 50-Gramm-Packungen sind f\u00fcr eine Person geeignet, die 125-Gramm-Packung ist f\u00fcr 2 bis 4 Personen geeignet, und die 250-Gramm-Packung ist f\u00fcr 4 bis 8 G\u00e4ste geeignet.<\/p>\t\t\t\t<\/div>\n\t\t\t\t\t<\/div>\n\t\t\t\t\t\t<\/div>\n\t\t\t\t<\/div>\n\t\t\t\t<div class=\"elementor-element elementor-element-f433e07 wd-width-100 elementor-widget elementor-widget-wd_title\" data-id=\"f433e07\" data-element_type=\"widget\" data-widget_type=\"wd_title.default\">\n\t\t\t\t<div class=\"elementor-widget-container\">\n\t\t\t\t\t\t\t<div class=\"title-wrapper wd-set-mb reset-last-child wd-title-color-default wd-title-style-default wd-title-size-default text-left\">\n\n\t\t\t\n\t\t\t<div class=\"liner-continer\">\n\t\t\t\t<h4 class=\"woodmart-title-container title wd-fontsize-l\">Lagerbedingungen f\u00fcr Ossetra Imperial Kaviar<\/h4> \n\t\t\t\t\t\t\t<\/div>\n\n\t\t\t\t\t\t\t<div class=\"title-after_title reset-last-child wd-fontsize-xs\">\n\t\t\t\t\t<p>Gem\u00e4\u00df den Anweisungen der Veterin\u00e4rorganisation variiert die Lagerzeit von Kaviar im Inland je nach Salz- und Boraxanteil sowie der Art des Kaviars.<\/p><p>Der beste Weg, die Qualit\u00e4t von Kaviar zu erhalten, ist, ihn im K\u00fchlschrank aufzubewahren. Um die Temperatur im K\u00fchlschrank zu regulieren, ist die Verwendung von Eispackungen um die Dose herum wirksam, um die Qualit\u00e4t des Kaviars zu erhalten. Caviar cans are vacuumed after packing, which is to prevent contamination and preserve more caviar. Caviar can be used for 5 days after opening the lid. <\/p>\t\t\t\t<\/div>\n\t\t\t\t\t<\/div>\n\t\t\t\t\t\t<\/div>\n\t\t\t\t<\/div>\n\t\t\t\t\t<\/div>\n\t\t\t\t<\/div>\n\t\t\t\t<\/div>\n\t\t","protected":false},"excerpt":{"rendered":"<p>Ossetra Imperial ist ein klassischer Kaviar mit mittlerer Gr\u00f6\u00dfe, verschiedenen Farben und w\u00fcnschenswerter Konsistenz. Ossetra geh\u00f6rt zu den beliebtesten Kaviarsorten unter den K\u00f6chen weltweit aufgrund seiner geeigneten Textur, breiten Farbvielfalt und seines charakteristischen und einzigartigen Geschmacks. <\/p>\n","protected":false},"featured_media":29859,"comment_status":"open","ping_status":"closed","template":"","meta":[],"product_brand":[],"product_cat":[136],"product_tag":[],"class_list":{"0":"post-30168","1":"product","2":"type-product","3":"status-publish","4":"has-post-thumbnail","6":"product_cat-osietra-kaviar","8":"first","9":"instock","10":"sale","11":"taxable","12":"shipping-taxable","13":"purchasable","14":"product-type-variable"},"yoast_head":"<!-- This site is optimized with the Yoast SEO plugin v26.6 - https:\/\/yoast.com\/wordpress\/plugins\/seo\/ -->\n<title>Ossetra Light Color Kaviar - Culture Caviar<\/title>\n<meta name=\"robots\" content=\"index, follow, max-snippet:-1, max-image-preview:large, max-video-preview:-1\" \/>\n<link rel=\"canonical\" href=\"https:\/\/culturecaviar.com\/de\/produkt\/osietra-hellfarbiger-kaviar\/\" \/>\n<meta property=\"og:locale\" content=\"de_DE\" \/>\n<meta property=\"og:type\" content=\"article\" \/>\n<meta property=\"og:title\" content=\"Ossetra Light Color Kaviar - Culture Caviar\" \/>\n<meta property=\"og:description\" content=\"Ossetra Imperial ist ein klassischer Kaviar mit mittlerer Gr\u00f6\u00dfe, verschiedenen Farben und w\u00fcnschenswerter Konsistenz. Ossetra geh\u00f6rt zu den beliebtesten Kaviarsorten unter den K\u00f6chen weltweit aufgrund seiner geeigneten Textur, breiten Farbvielfalt und seines charakteristischen und einzigartigen Geschmacks.\" \/>\n<meta property=\"og:url\" content=\"https:\/\/culturecaviar.com\/de\/produkt\/osietra-hellfarbiger-kaviar\/\" \/>\n<meta property=\"og:site_name\" content=\"Culture Caviar\" \/>\n<meta property=\"article:modified_time\" content=\"2026-02-24T16:00:59+00:00\" \/>\n<meta property=\"og:image\" content=\"https:\/\/culturecaviar.com\/wp-content\/uploads\/2021\/08\/8.jpg\" \/>\n\t<meta property=\"og:image:width\" content=\"800\" \/>\n\t<meta property=\"og:image:height\" content=\"800\" \/>\n\t<meta property=\"og:image:type\" content=\"image\/jpeg\" \/>\n<meta name=\"twitter:card\" content=\"summary_large_image\" \/>\n<meta name=\"twitter:label1\" content=\"Gesch\u00e4tzte Lesezeit\" \/>\n\t<meta name=\"twitter:data1\" content=\"2\u00a0Minuten\" \/>\n<script type=\"application\/ld+json\" class=\"yoast-schema-graph\">{\"@context\":\"https:\/\/schema.org\",\"@graph\":[{\"@type\":\"WebPage\",\"@id\":\"https:\/\/culturecaviar.com\/de\/produkt\/osietra-hellfarbiger-kaviar\/\",\"url\":\"https:\/\/culturecaviar.com\/de\/produkt\/osietra-hellfarbiger-kaviar\/\",\"name\":\"Ossetra Light Color Kaviar - Culture Caviar\",\"isPartOf\":{\"@id\":\"https:\/\/culturecaviar.com\/de\/#website\"},\"primaryImageOfPage\":{\"@id\":\"https:\/\/culturecaviar.com\/de\/produkt\/osietra-hellfarbiger-kaviar\/#primaryimage\"},\"image\":{\"@id\":\"https:\/\/culturecaviar.com\/de\/produkt\/osietra-hellfarbiger-kaviar\/#primaryimage\"},\"thumbnailUrl\":\"https:\/\/culturecaviar.com\/wp-content\/uploads\/2021\/08\/8.jpg\",\"datePublished\":\"2024-05-18T09:14:31+00:00\",\"dateModified\":\"2026-02-24T16:00:59+00:00\",\"breadcrumb\":{\"@id\":\"https:\/\/culturecaviar.com\/de\/produkt\/osietra-hellfarbiger-kaviar\/#breadcrumb\"},\"inLanguage\":\"de\",\"potentialAction\":[{\"@type\":\"ReadAction\",\"target\":[\"https:\/\/culturecaviar.com\/de\/produkt\/osietra-hellfarbiger-kaviar\/\"]}]},{\"@type\":\"ImageObject\",\"inLanguage\":\"de\",\"@id\":\"https:\/\/culturecaviar.com\/de\/produkt\/osietra-hellfarbiger-kaviar\/#primaryimage\",\"url\":\"https:\/\/culturecaviar.com\/wp-content\/uploads\/2021\/08\/8.jpg\",\"contentUrl\":\"https:\/\/culturecaviar.com\/wp-content\/uploads\/2021\/08\/8.jpg\",\"width\":800,\"height\":800,\"caption\":\"Kaviar-Ossetra-Imperial\"},{\"@type\":\"BreadcrumbList\",\"@id\":\"https:\/\/culturecaviar.com\/de\/produkt\/osietra-hellfarbiger-kaviar\/#breadcrumb\",\"itemListElement\":[{\"@type\":\"ListItem\",\"position\":1,\"name\":\"Home\",\"item\":\"https:\/\/culturecaviar.com\/de\/\"},{\"@type\":\"ListItem\",\"position\":2,\"name\":\"Gesch\u00e4ft\",\"item\":\"https:\/\/culturecaviar.com\/de\/geschaeft\/\"},{\"@type\":\"ListItem\",\"position\":3,\"name\":\"Ossetra Light Color Kaviar\"}]},{\"@type\":\"WebSite\",\"@id\":\"https:\/\/culturecaviar.com\/de\/#website\",\"url\":\"https:\/\/culturecaviar.com\/de\/\",\"name\":\"Culture Caviar\",\"description\":\"Best Caviar Online Shop\",\"publisher\":{\"@id\":\"https:\/\/culturecaviar.com\/de\/#organization\"},\"potentialAction\":[{\"@type\":\"SearchAction\",\"target\":{\"@type\":\"EntryPoint\",\"urlTemplate\":\"https:\/\/culturecaviar.com\/de\/?s={search_term_string}\"},\"query-input\":{\"@type\":\"PropertyValueSpecification\",\"valueRequired\":true,\"valueName\":\"search_term_string\"}}],\"inLanguage\":\"de\"},{\"@type\":\"Organization\",\"@id\":\"https:\/\/culturecaviar.com\/de\/#organization\",\"name\":\"Culture Caviar\",\"url\":\"https:\/\/culturecaviar.com\/de\/\",\"logo\":{\"@type\":\"ImageObject\",\"inLanguage\":\"de\",\"@id\":\"https:\/\/culturecaviar.com\/de\/#\/schema\/logo\/image\/\",\"url\":\"https:\/\/culturecaviar.com\/wp-content\/uploads\/2024\/05\/caviar-culture-logo.jpg\",\"contentUrl\":\"https:\/\/culturecaviar.com\/wp-content\/uploads\/2024\/05\/caviar-culture-logo.jpg\",\"width\":95,\"height\":92,\"caption\":\"Culture Caviar\"},\"image\":{\"@id\":\"https:\/\/culturecaviar.com\/de\/#\/schema\/logo\/image\/\"}}]}<\/script>\n<!-- \/ Yoast SEO plugin. -->","yoast_head_json":{"title":"Ossetra Light Color Kaviar - Culture Caviar","robots":{"index":"index","follow":"follow","max-snippet":"max-snippet:-1","max-image-preview":"max-image-preview:large","max-video-preview":"max-video-preview:-1"},"canonical":"https:\/\/culturecaviar.com\/de\/produkt\/osietra-hellfarbiger-kaviar\/","og_locale":"de_DE","og_type":"article","og_title":"Ossetra Light Color Kaviar - Culture Caviar","og_description":"Ossetra Imperial ist ein klassischer Kaviar mit mittlerer Gr\u00f6\u00dfe, verschiedenen Farben und w\u00fcnschenswerter Konsistenz. Ossetra geh\u00f6rt zu den beliebtesten Kaviarsorten unter den K\u00f6chen weltweit aufgrund seiner geeigneten Textur, breiten Farbvielfalt und seines charakteristischen und einzigartigen Geschmacks.","og_url":"https:\/\/culturecaviar.com\/de\/produkt\/osietra-hellfarbiger-kaviar\/","og_site_name":"Culture Caviar","article_modified_time":"2026-02-24T16:00:59+00:00","og_image":[{"width":800,"height":800,"url":"https:\/\/culturecaviar.com\/wp-content\/uploads\/2021\/08\/8.jpg","type":"image\/jpeg"}],"twitter_card":"summary_large_image","twitter_misc":{"Gesch\u00e4tzte Lesezeit":"2\u00a0Minuten"},"schema":{"@context":"https:\/\/schema.org","@graph":[{"@type":"WebPage","@id":"https:\/\/culturecaviar.com\/de\/produkt\/osietra-hellfarbiger-kaviar\/","url":"https:\/\/culturecaviar.com\/de\/produkt\/osietra-hellfarbiger-kaviar\/","name":"Ossetra Light Color Kaviar - Culture Caviar","isPartOf":{"@id":"https:\/\/culturecaviar.com\/de\/#website"},"primaryImageOfPage":{"@id":"https:\/\/culturecaviar.com\/de\/produkt\/osietra-hellfarbiger-kaviar\/#primaryimage"},"image":{"@id":"https:\/\/culturecaviar.com\/de\/produkt\/osietra-hellfarbiger-kaviar\/#primaryimage"},"thumbnailUrl":"https:\/\/culturecaviar.com\/wp-content\/uploads\/2021\/08\/8.jpg","datePublished":"2024-05-18T09:14:31+00:00","dateModified":"2026-02-24T16:00:59+00:00","breadcrumb":{"@id":"https:\/\/culturecaviar.com\/de\/produkt\/osietra-hellfarbiger-kaviar\/#breadcrumb"},"inLanguage":"de","potentialAction":[{"@type":"ReadAction","target":["https:\/\/culturecaviar.com\/de\/produkt\/osietra-hellfarbiger-kaviar\/"]}]},{"@type":"ImageObject","inLanguage":"de","@id":"https:\/\/culturecaviar.com\/de\/produkt\/osietra-hellfarbiger-kaviar\/#primaryimage","url":"https:\/\/culturecaviar.com\/wp-content\/uploads\/2021\/08\/8.jpg","contentUrl":"https:\/\/culturecaviar.com\/wp-content\/uploads\/2021\/08\/8.jpg","width":800,"height":800,"caption":"Kaviar-Ossetra-Imperial"},{"@type":"BreadcrumbList","@id":"https:\/\/culturecaviar.com\/de\/produkt\/osietra-hellfarbiger-kaviar\/#breadcrumb","itemListElement":[{"@type":"ListItem","position":1,"name":"Home","item":"https:\/\/culturecaviar.com\/de\/"},{"@type":"ListItem","position":2,"name":"Gesch\u00e4ft","item":"https:\/\/culturecaviar.com\/de\/geschaeft\/"},{"@type":"ListItem","position":3,"name":"Ossetra Light Color Kaviar"}]},{"@type":"WebSite","@id":"https:\/\/culturecaviar.com\/de\/#website","url":"https:\/\/culturecaviar.com\/de\/","name":"Culture Caviar","description":"Best Caviar Online Shop","publisher":{"@id":"https:\/\/culturecaviar.com\/de\/#organization"},"potentialAction":[{"@type":"SearchAction","target":{"@type":"EntryPoint","urlTemplate":"https:\/\/culturecaviar.com\/de\/?s={search_term_string}"},"query-input":{"@type":"PropertyValueSpecification","valueRequired":true,"valueName":"search_term_string"}}],"inLanguage":"de"},{"@type":"Organization","@id":"https:\/\/culturecaviar.com\/de\/#organization","name":"Culture Caviar","url":"https:\/\/culturecaviar.com\/de\/","logo":{"@type":"ImageObject","inLanguage":"de","@id":"https:\/\/culturecaviar.com\/de\/#\/schema\/logo\/image\/","url":"https:\/\/culturecaviar.com\/wp-content\/uploads\/2024\/05\/caviar-culture-logo.jpg","contentUrl":"https:\/\/culturecaviar.com\/wp-content\/uploads\/2024\/05\/caviar-culture-logo.jpg","width":95,"height":92,"caption":"Culture Caviar"},"image":{"@id":"https:\/\/culturecaviar.com\/de\/#\/schema\/logo\/image\/"}}]}},"_links":{"self":[{"href":"https:\/\/culturecaviar.com\/de\/wp-json\/wp\/v2\/product\/30168","targetHints":{"allow":["GET"]}}],"collection":[{"href":"https:\/\/culturecaviar.com\/de\/wp-json\/wp\/v2\/product"}],"about":[{"href":"https:\/\/culturecaviar.com\/de\/wp-json\/wp\/v2\/types\/product"}],"replies":[{"embeddable":true,"href":"https:\/\/culturecaviar.com\/de\/wp-json\/wp\/v2\/comments?post=30168"}],"version-history":[{"count":4,"href":"https:\/\/culturecaviar.com\/de\/wp-json\/wp\/v2\/product\/30168\/revisions"}],"predecessor-version":[{"id":30293,"href":"https:\/\/culturecaviar.com\/de\/wp-json\/wp\/v2\/product\/30168\/revisions\/30293"}],"wp:featuredmedia":[{"embeddable":true,"href":"https:\/\/culturecaviar.com\/de\/wp-json\/wp\/v2\/media\/29859"}],"wp:attachment":[{"href":"https:\/\/culturecaviar.com\/de\/wp-json\/wp\/v2\/media?parent=30168"}],"wp:term":[{"taxonomy":"product_brand","embeddable":true,"href":"https:\/\/culturecaviar.com\/de\/wp-json\/wp\/v2\/product_brand?post=30168"},{"taxonomy":"product_cat","embeddable":true,"href":"https:\/\/culturecaviar.com\/de\/wp-json\/wp\/v2\/product_cat?post=30168"},{"taxonomy":"product_tag","embeddable":true,"href":"https:\/\/culturecaviar.com\/de\/wp-json\/wp\/v2\/product_tag?post=30168"}],"curies":[{"name":"wp","href":"https:\/\/api.w.org\/{rel}","templated":true}]}}