{"id":30147,"date":"2024-05-18T08:27:52","date_gmt":"2024-05-18T08:27:52","guid":{"rendered":"https:\/\/culturecaviar.com\/product\/royal-baerii-kaviar\/"},"modified":"2025-06-02T07:41:42","modified_gmt":"2025-06-02T07:41:42","slug":"royal-baerii-kaviar","status":"publish","type":"product","link":"https:\/\/culturecaviar.com\/de\/produkt\/royal-baerii-kaviar\/","title":{"rendered":"Royal Baerii Kaviar"},"content":{"rendered":"\t\t<div data-elementor-type=\"wp-post\" data-elementor-id=\"30147\" class=\"elementor elementor-30147 elementor-27413\">\n\t\t\t\t<div class=\"wd-negative-gap elementor-element elementor-element-2a51e47 e-flex e-con-boxed e-con e-parent\" data-id=\"2a51e47\" data-element_type=\"container\">\n\t\t\t\t\t<div class=\"e-con-inner\">\n\t\t\t\t<div class=\"elementor-element elementor-element-81fa99f wd-width-100 elementor-widget elementor-widget-wd_title\" data-id=\"81fa99f\" data-element_type=\"widget\" data-widget_type=\"wd_title.default\">\n\t\t\t\t<div class=\"elementor-widget-container\">\n\t\t\t\t\t\t\t<div class=\"title-wrapper wd-set-mb reset-last-child wd-title-color-default wd-title-style-default wd-title-size-default text-left\">\n\n\t\t\t\n\t\t\t<div class=\"liner-continer\">\n\t\t\t\t<h4 class=\"woodmart-title-container title wd-fontsize-l\"><\/h4> \n\t\t\t\t\t\t\t<\/div>\n\n\t\t\t\t\t\t\t<div class=\"title-after_title reset-last-child wd-fontsize-xs\">\n\t\t\t\t\t<p>Royal Baerii Kaviar wird aus dem Acipenser baerii gewonnen, einem Fisch, der im Baikalsee in der sibirischen Region beheimatet ist. Acipenser baerii, auch als Sibirischer St\u00f6r bekannt, kann unter einer Vielzahl von Wetterbedingungen gez\u00fcchtet werden. Royal Baerii Kaviar wird in die Gruppe der klassischen und mittelgro\u00dfen Kaviarsorten eingeordnet und ist einer der beliebtesten Kaviarsorten der Welt.<\/p><p>Er ist einer der beliebtesten Kaviarsorten in der nordamerikanischen Region, insbesondere in den Vereinigten Staaten von Amerika und Kanada.<\/p><p>Der angemessene Preis und der nussige Geschmack haben ihn zu einem der beliebtesten Kaviarsorten gemacht.<\/p><p>Royal Berry Kaviar ist der am h\u00f6chsten bewertete Kaviar in der Baerii-Kategorie und ist sehr beliebt f\u00fcr seine Palette an dunkelgrauen Farben.<\/p>\t\t\t\t<\/div>\n\t\t\t\t\t<\/div>\n\t\t\t\t\t\t<\/div>\n\t\t\t\t<\/div>\n\t\t\t\t<div class=\"elementor-element elementor-element-80f7f90 wd-width-100 elementor-widget elementor-widget-wd_title\" data-id=\"80f7f90\" data-element_type=\"widget\" data-widget_type=\"wd_title.default\">\n\t\t\t\t<div class=\"elementor-widget-container\">\n\t\t\t\t\t\t\t<div class=\"title-wrapper wd-set-mb reset-last-child wd-title-color-default wd-title-style-default wd-title-size-default text-left\">\n\n\t\t\t\n\t\t\t<div class=\"liner-continer\">\n\t\t\t\t<h4 class=\"woodmart-title-container title wd-fontsize-l\">Sorten von Royal Baerii Kaviar<\/h4> \n\t\t\t\t\t\t\t<\/div>\n\n\t\t\t\t\t\t\t<div class=\"title-after_title reset-last-child wd-fontsize-xs\">\n\t\t\t\t\t<p>Die Verpackung und Kennzeichnung erfolgen auf der Grundlage internationaler Standardprinzipien und der von der Veterin\u00e4r- und Fischereiorganisation im Gostaran Sa'i Aquatic Complex genehmigten Vorschriften zur Kaviarverarbeitung.<\/p><p>Die Verpackung ist in 30g, 50g, 125g und 250g Desjardin-Dosen erh\u00e4ltlich und andererseits auch in 50g belgischem Glas.<\/p>\t\t\t\t<\/div>\n\t\t\t\t\t<\/div>\n\t\t\t\t\t\t<\/div>\n\t\t\t\t<\/div>\n\t\t\t\t<div class=\"elementor-element elementor-element-6c61bc6 wd-width-100 elementor-widget elementor-widget-wd_title\" data-id=\"6c61bc6\" data-element_type=\"widget\" data-widget_type=\"wd_title.default\">\n\t\t\t\t<div class=\"elementor-widget-container\">\n\t\t\t\t\t\t\t<div class=\"title-wrapper wd-set-mb reset-last-child wd-title-color-default wd-title-style-default wd-title-size-default text-left\">\n\n\t\t\t\n\t\t\t<div class=\"liner-continer\">\n\t\t\t\t<h4 class=\"woodmart-title-container title wd-fontsize-l\">Merkmale von Royal Baerii Kaviar<\/h4> \n\t\t\t\t\t\t\t<\/div>\n\n\t\t\t\t\t\t\t<div class=\"title-after_title reset-last-child wd-fontsize-xs\">\n\t\t\t\t\t<p>Die Kaviarperlen des Royal Baerii sind ein Blickfang und schm\u00fccken die Teller vieler ber\u00fchmter K\u00f6che weltweit. Die dunkle Farbe und der buttrige Geschmack dieser Perlen werden Sie nie vergessen, sobald Sie sie probiert haben.<\/p><p>Sein Haupt- und einzigartiges Merkmal ist seine dunkle Farbe und sein einzigartiger Geschmack.<\/p>\t\t\t\t<\/div>\n\t\t\t\t\t<\/div>\n\t\t\t\t\t\t<\/div>\n\t\t\t\t<\/div>\n\t\t\t\t<div class=\"elementor-element elementor-element-75b5b2e wd-width-100 elementor-widget elementor-widget-wd_title\" data-id=\"75b5b2e\" data-element_type=\"widget\" data-widget_type=\"wd_title.default\">\n\t\t\t\t<div class=\"elementor-widget-container\">\n\t\t\t\t\t\t\t<div class=\"title-wrapper wd-set-mb reset-last-child wd-title-color-default wd-title-style-default wd-title-size-default text-left\">\n\n\t\t\t\n\t\t\t<div class=\"liner-continer\">\n\t\t\t\t<h4 class=\"woodmart-title-container title wd-fontsize-l\">Wie man Royal Baerii Kaviar konsumiert<\/h4> \n\t\t\t\t\t\t\t<\/div>\n\n\t\t\t\t\t\t\t<div class=\"title-after_title reset-last-child wd-fontsize-xs\">\n\t\t\t\t\t<p>Einige glauben, dass der nat\u00fcrliche Geschmack der Schl\u00fcssel zum Kaviar ist, und da er einen intensiven Geschmack hat, ist es besser, ihn mit Speisen zu kombinieren, die keine Geschmackskonkurrenz schaffen. Er aktiviert die Geschmacksknospen der Zunge. Da der Kaviar eine weiche Textur und einen frischen, cremigen Geschmack hat, kann Bellini ein guter Begleiter f\u00fcr Royal Baerii Kaviar sein.<\/p>\t\t\t\t<\/div>\n\t\t\t\t\t<\/div>\n\t\t\t\t\t\t<\/div>\n\t\t\t\t<\/div>\n\t\t\t\t<div class=\"elementor-element elementor-element-a821a50 wd-width-100 elementor-widget elementor-widget-wd_title\" data-id=\"a821a50\" data-element_type=\"widget\" data-widget_type=\"wd_title.default\">\n\t\t\t\t<div class=\"elementor-widget-container\">\n\t\t\t\t\t\t\t<div class=\"title-wrapper wd-set-mb reset-last-child wd-title-color-default wd-title-style-default wd-title-size-default text-left\">\n\n\t\t\t\n\t\t\t<div class=\"liner-continer\">\n\t\t\t\t<h4 class=\"woodmart-title-container title wd-fontsize-l\">Lagerbedingungen f\u00fcr Royal Baerii Kaviar<\/h4> \n\t\t\t\t\t\t\t<\/div>\n\n\t\t\t\t\t\t\t<div class=\"title-after_title reset-last-child wd-fontsize-xs\">\n\t\t\t\t\t<p>Produktions- und Verfallsdaten sind auf den Kaviar-Dosen angegeben. Aber bitte verwenden Sie es innerhalb von 5 Tagen nach dem \u00d6ffnen der Dose. (5 days) Kaviar hat eine empfindliche und zarte Textur und oxidiert schnell in der N\u00e4he von Luft, was seinen Geschmack beeintr\u00e4chtigen kann.<\/p><p>Die Kaviarpackungen erreichen Sie in vakuumierter Form, was die M\u00f6glichkeit einer Kontamination minimiert. Bewahren Sie die Packungen im K\u00fchlschrank mit einem K\u00fchlakku auf.<\/p>\t\t\t\t<\/div>\n\t\t\t\t\t<\/div>\n\t\t\t\t\t\t<\/div>\n\t\t\t\t<\/div>\n\t\t\t\t\t<\/div>\n\t\t\t\t<\/div>\n\t\t\t\t<\/div>\n\t\t","protected":false},"excerpt":{"rendered":"<p>Royal Baerii Kaviar ist der am h\u00f6chsten bewertete Kaviar in der Baerii-Kategorie und ist sehr beliebt f\u00fcr seine Palette an dunkelgrauen Farben.<\/p>\n<p>Er ist einer der beliebtesten Kaviarsorten in der nordamerikanischen Region, insbesondere in den Vereinigten Staaten von Amerika und Kanada.<\/p>\n<p>Der angemessene Preis und der nussige Geschmack haben ihn zu einem der beliebtesten Kaviarsorten gemacht.<\/p>\n","protected":false},"featured_media":29856,"comment_status":"open","ping_status":"closed","template":"","meta":[],"product_brand":[],"product_cat":[132],"product_tag":[],"class_list":{"0":"post-30147","1":"product","2":"type-product","3":"status-publish","4":"has-post-thumbnail","6":"product_cat-baerii-kaviar","8":"first","9":"instock","10":"sale","11":"taxable","12":"shipping-taxable","13":"purchasable","14":"product-type-variable"},"yoast_head":"<!-- This site is optimized with the Yoast SEO plugin v26.6 - https:\/\/yoast.com\/wordpress\/plugins\/seo\/ -->\n<title>Royal Baerii Kaviar - Culture Caviar<\/title>\n<meta name=\"robots\" content=\"index, follow, max-snippet:-1, max-image-preview:large, max-video-preview:-1\" \/>\n<link rel=\"canonical\" href=\"https:\/\/culturecaviar.com\/de\/produkt\/royal-baerii-kaviar\/\" \/>\n<meta property=\"og:locale\" content=\"de_DE\" \/>\n<meta property=\"og:type\" content=\"article\" \/>\n<meta property=\"og:title\" content=\"Royal Baerii Kaviar - Culture Caviar\" \/>\n<meta property=\"og:description\" content=\"Royal Baerii Kaviar ist der am h\u00f6chsten bewertete Kaviar in der Baerii-Kategorie und ist sehr beliebt f\u00fcr seine Palette an dunkelgrauen Farben. Er ist einer der beliebtesten Kaviarsorten in der nordamerikanischen Region, insbesondere in den Vereinigten Staaten von Amerika und Kanada. Der angemessene Preis und der nussige Geschmack haben ihn zu einem der beliebtesten Kaviarsorten gemacht.\" \/>\n<meta property=\"og:url\" content=\"https:\/\/culturecaviar.com\/de\/produkt\/royal-baerii-kaviar\/\" \/>\n<meta property=\"og:site_name\" content=\"Culture Caviar\" \/>\n<meta property=\"article:modified_time\" content=\"2025-06-02T07:41:42+00:00\" \/>\n<meta property=\"og:image\" content=\"https:\/\/culturecaviar.com\/wp-content\/uploads\/2021\/08\/5.jpg\" \/>\n\t<meta property=\"og:image:width\" content=\"800\" \/>\n\t<meta property=\"og:image:height\" content=\"800\" \/>\n\t<meta property=\"og:image:type\" content=\"image\/jpeg\" \/>\n<meta name=\"twitter:card\" content=\"summary_large_image\" \/>\n<meta name=\"twitter:label1\" content=\"Gesch\u00e4tzte Lesezeit\" \/>\n\t<meta name=\"twitter:data1\" content=\"2\u00a0Minuten\" \/>\n<script type=\"application\/ld+json\" class=\"yoast-schema-graph\">{\"@context\":\"https:\/\/schema.org\",\"@graph\":[{\"@type\":\"WebPage\",\"@id\":\"https:\/\/culturecaviar.com\/de\/produkt\/royal-baerii-kaviar\/\",\"url\":\"https:\/\/culturecaviar.com\/de\/produkt\/royal-baerii-kaviar\/\",\"name\":\"Royal Baerii Kaviar - Culture Caviar\",\"isPartOf\":{\"@id\":\"https:\/\/culturecaviar.com\/de\/#website\"},\"primaryImageOfPage\":{\"@id\":\"https:\/\/culturecaviar.com\/de\/produkt\/royal-baerii-kaviar\/#primaryimage\"},\"image\":{\"@id\":\"https:\/\/culturecaviar.com\/de\/produkt\/royal-baerii-kaviar\/#primaryimage\"},\"thumbnailUrl\":\"https:\/\/culturecaviar.com\/wp-content\/uploads\/2021\/08\/5.jpg\",\"datePublished\":\"2024-05-18T08:27:52+00:00\",\"dateModified\":\"2025-06-02T07:41:42+00:00\",\"breadcrumb\":{\"@id\":\"https:\/\/culturecaviar.com\/de\/produkt\/royal-baerii-kaviar\/#breadcrumb\"},\"inLanguage\":\"de\",\"potentialAction\":[{\"@type\":\"ReadAction\",\"target\":[\"https:\/\/culturecaviar.com\/de\/produkt\/royal-baerii-kaviar\/\"]}]},{\"@type\":\"ImageObject\",\"inLanguage\":\"de\",\"@id\":\"https:\/\/culturecaviar.com\/de\/produkt\/royal-baerii-kaviar\/#primaryimage\",\"url\":\"https:\/\/culturecaviar.com\/wp-content\/uploads\/2021\/08\/5.jpg\",\"contentUrl\":\"https:\/\/culturecaviar.com\/wp-content\/uploads\/2021\/08\/5.jpg\",\"width\":800,\"height\":800,\"caption\":\"Royal-Berry-Kaviar\"},{\"@type\":\"BreadcrumbList\",\"@id\":\"https:\/\/culturecaviar.com\/de\/produkt\/royal-baerii-kaviar\/#breadcrumb\",\"itemListElement\":[{\"@type\":\"ListItem\",\"position\":1,\"name\":\"Home\",\"item\":\"https:\/\/culturecaviar.com\/de\/\"},{\"@type\":\"ListItem\",\"position\":2,\"name\":\"Gesch\u00e4ft\",\"item\":\"https:\/\/culturecaviar.com\/de\/geschaeft\/\"},{\"@type\":\"ListItem\",\"position\":3,\"name\":\"Royal Baerii Kaviar\"}]},{\"@type\":\"WebSite\",\"@id\":\"https:\/\/culturecaviar.com\/de\/#website\",\"url\":\"https:\/\/culturecaviar.com\/de\/\",\"name\":\"Culture Caviar\",\"description\":\"Best Caviar Online Shop\",\"publisher\":{\"@id\":\"https:\/\/culturecaviar.com\/de\/#organization\"},\"potentialAction\":[{\"@type\":\"SearchAction\",\"target\":{\"@type\":\"EntryPoint\",\"urlTemplate\":\"https:\/\/culturecaviar.com\/de\/?s={search_term_string}\"},\"query-input\":{\"@type\":\"PropertyValueSpecification\",\"valueRequired\":true,\"valueName\":\"search_term_string\"}}],\"inLanguage\":\"de\"},{\"@type\":\"Organization\",\"@id\":\"https:\/\/culturecaviar.com\/de\/#organization\",\"name\":\"Culture Caviar\",\"url\":\"https:\/\/culturecaviar.com\/de\/\",\"logo\":{\"@type\":\"ImageObject\",\"inLanguage\":\"de\",\"@id\":\"https:\/\/culturecaviar.com\/de\/#\/schema\/logo\/image\/\",\"url\":\"https:\/\/culturecaviar.com\/wp-content\/uploads\/2024\/05\/caviar-culture-logo.jpg\",\"contentUrl\":\"https:\/\/culturecaviar.com\/wp-content\/uploads\/2024\/05\/caviar-culture-logo.jpg\",\"width\":95,\"height\":92,\"caption\":\"Culture Caviar\"},\"image\":{\"@id\":\"https:\/\/culturecaviar.com\/de\/#\/schema\/logo\/image\/\"}}]}<\/script>\n<!-- \/ Yoast SEO plugin. -->","yoast_head_json":{"title":"Royal Baerii Kaviar - Culture Caviar","robots":{"index":"index","follow":"follow","max-snippet":"max-snippet:-1","max-image-preview":"max-image-preview:large","max-video-preview":"max-video-preview:-1"},"canonical":"https:\/\/culturecaviar.com\/de\/produkt\/royal-baerii-kaviar\/","og_locale":"de_DE","og_type":"article","og_title":"Royal Baerii Kaviar - Culture Caviar","og_description":"Royal Baerii Kaviar ist der am h\u00f6chsten bewertete Kaviar in der Baerii-Kategorie und ist sehr beliebt f\u00fcr seine Palette an dunkelgrauen Farben. Er ist einer der beliebtesten Kaviarsorten in der nordamerikanischen Region, insbesondere in den Vereinigten Staaten von Amerika und Kanada. Der angemessene Preis und der nussige Geschmack haben ihn zu einem der beliebtesten Kaviarsorten gemacht.","og_url":"https:\/\/culturecaviar.com\/de\/produkt\/royal-baerii-kaviar\/","og_site_name":"Culture Caviar","article_modified_time":"2025-06-02T07:41:42+00:00","og_image":[{"width":800,"height":800,"url":"https:\/\/culturecaviar.com\/wp-content\/uploads\/2021\/08\/5.jpg","type":"image\/jpeg"}],"twitter_card":"summary_large_image","twitter_misc":{"Gesch\u00e4tzte Lesezeit":"2\u00a0Minuten"},"schema":{"@context":"https:\/\/schema.org","@graph":[{"@type":"WebPage","@id":"https:\/\/culturecaviar.com\/de\/produkt\/royal-baerii-kaviar\/","url":"https:\/\/culturecaviar.com\/de\/produkt\/royal-baerii-kaviar\/","name":"Royal Baerii Kaviar - Culture Caviar","isPartOf":{"@id":"https:\/\/culturecaviar.com\/de\/#website"},"primaryImageOfPage":{"@id":"https:\/\/culturecaviar.com\/de\/produkt\/royal-baerii-kaviar\/#primaryimage"},"image":{"@id":"https:\/\/culturecaviar.com\/de\/produkt\/royal-baerii-kaviar\/#primaryimage"},"thumbnailUrl":"https:\/\/culturecaviar.com\/wp-content\/uploads\/2021\/08\/5.jpg","datePublished":"2024-05-18T08:27:52+00:00","dateModified":"2025-06-02T07:41:42+00:00","breadcrumb":{"@id":"https:\/\/culturecaviar.com\/de\/produkt\/royal-baerii-kaviar\/#breadcrumb"},"inLanguage":"de","potentialAction":[{"@type":"ReadAction","target":["https:\/\/culturecaviar.com\/de\/produkt\/royal-baerii-kaviar\/"]}]},{"@type":"ImageObject","inLanguage":"de","@id":"https:\/\/culturecaviar.com\/de\/produkt\/royal-baerii-kaviar\/#primaryimage","url":"https:\/\/culturecaviar.com\/wp-content\/uploads\/2021\/08\/5.jpg","contentUrl":"https:\/\/culturecaviar.com\/wp-content\/uploads\/2021\/08\/5.jpg","width":800,"height":800,"caption":"Royal-Berry-Kaviar"},{"@type":"BreadcrumbList","@id":"https:\/\/culturecaviar.com\/de\/produkt\/royal-baerii-kaviar\/#breadcrumb","itemListElement":[{"@type":"ListItem","position":1,"name":"Home","item":"https:\/\/culturecaviar.com\/de\/"},{"@type":"ListItem","position":2,"name":"Gesch\u00e4ft","item":"https:\/\/culturecaviar.com\/de\/geschaeft\/"},{"@type":"ListItem","position":3,"name":"Royal Baerii Kaviar"}]},{"@type":"WebSite","@id":"https:\/\/culturecaviar.com\/de\/#website","url":"https:\/\/culturecaviar.com\/de\/","name":"Culture Caviar","description":"Best Caviar Online Shop","publisher":{"@id":"https:\/\/culturecaviar.com\/de\/#organization"},"potentialAction":[{"@type":"SearchAction","target":{"@type":"EntryPoint","urlTemplate":"https:\/\/culturecaviar.com\/de\/?s={search_term_string}"},"query-input":{"@type":"PropertyValueSpecification","valueRequired":true,"valueName":"search_term_string"}}],"inLanguage":"de"},{"@type":"Organization","@id":"https:\/\/culturecaviar.com\/de\/#organization","name":"Culture Caviar","url":"https:\/\/culturecaviar.com\/de\/","logo":{"@type":"ImageObject","inLanguage":"de","@id":"https:\/\/culturecaviar.com\/de\/#\/schema\/logo\/image\/","url":"https:\/\/culturecaviar.com\/wp-content\/uploads\/2024\/05\/caviar-culture-logo.jpg","contentUrl":"https:\/\/culturecaviar.com\/wp-content\/uploads\/2024\/05\/caviar-culture-logo.jpg","width":95,"height":92,"caption":"Culture Caviar"},"image":{"@id":"https:\/\/culturecaviar.com\/de\/#\/schema\/logo\/image\/"}}]}},"_links":{"self":[{"href":"https:\/\/culturecaviar.com\/de\/wp-json\/wp\/v2\/product\/30147","targetHints":{"allow":["GET"]}}],"collection":[{"href":"https:\/\/culturecaviar.com\/de\/wp-json\/wp\/v2\/product"}],"about":[{"href":"https:\/\/culturecaviar.com\/de\/wp-json\/wp\/v2\/types\/product"}],"replies":[{"embeddable":true,"href":"https:\/\/culturecaviar.com\/de\/wp-json\/wp\/v2\/comments?post=30147"}],"version-history":[{"count":4,"href":"https:\/\/culturecaviar.com\/de\/wp-json\/wp\/v2\/product\/30147\/revisions"}],"predecessor-version":[{"id":30301,"href":"https:\/\/culturecaviar.com\/de\/wp-json\/wp\/v2\/product\/30147\/revisions\/30301"}],"wp:featuredmedia":[{"embeddable":true,"href":"https:\/\/culturecaviar.com\/de\/wp-json\/wp\/v2\/media\/29856"}],"wp:attachment":[{"href":"https:\/\/culturecaviar.com\/de\/wp-json\/wp\/v2\/media?parent=30147"}],"wp:term":[{"taxonomy":"product_brand","embeddable":true,"href":"https:\/\/culturecaviar.com\/de\/wp-json\/wp\/v2\/product_brand?post=30147"},{"taxonomy":"product_cat","embeddable":true,"href":"https:\/\/culturecaviar.com\/de\/wp-json\/wp\/v2\/product_cat?post=30147"},{"taxonomy":"product_tag","embeddable":true,"href":"https:\/\/culturecaviar.com\/de\/wp-json\/wp\/v2\/product_tag?post=30147"}],"curies":[{"name":"wp","href":"https:\/\/api.w.org\/{rel}","templated":true}]}}